{"id":712,"date":"2025-01-15T11:48:10","date_gmt":"2025-01-15T11:48:10","guid":{"rendered":"https:\/\/faismonpc.fr\/accueil\/?page_id=712"},"modified":"2025-04-30T20:13:51","modified_gmt":"2025-04-30T20:13:51","slug":"prestations","status":"publish","type":"page","link":"https:\/\/faismonpc.fr\/accueil\/prestations\/","title":{"rendered":"Prestations"},"content":{"rendered":"<p>[et_pb_section fb_built=\u00a0\u00bb1&Prime; admin_label=\u00a0\u00bbHeader\u00a0\u00bb module_id=\u00a0\u00bbrealisations\u00a0\u00bb _builder_version=\u00a0\u00bb4.27.4&Prime; _module_preset=\u00a0\u00bbdefault\u00a0\u00bb use_background_color_gradient=\u00a0\u00bbon\u00a0\u00bb background_color_gradient_stops=\u00a0\u00bbrgba(10,6,6,0.95) 0%|rgba(0,0,0,0.6) 76%\u00a0\u00bb background_color_gradient_overlays_image=\u00a0\u00bbon\u00a0\u00bb background_image=\u00a0\u00bbhttps:\/\/faismonpc.fr\/wp-content\/uploads\/2025\/01\/ai-game-theory.jpg\u00a0\u00bb parallax=\u00a0\u00bbon\u00a0\u00bb custom_padding=\u00a0\u00bb1vw||1vw||true|false\u00a0\u00bb border_width_bottom=\u00a0\u00bb3px\u00a0\u00bb border_color_bottom=\u00a0\u00bb#0fc9fc\u00a0\u00bb locked=\u00a0\u00bboff\u00a0\u00bb collapsed=\u00a0\u00bbon\u00a0\u00bb global_colors_info=\u00a0\u00bb{}\u00a0\u00bb][et_pb_row _builder_version=\u00a0\u00bb4.24.3&Prime; _module_preset=\u00a0\u00bbdefault\u00a0\u00bb width=\u00a0\u00bb50%\u00a0\u00bb width_tablet=\u00a0\u00bb80%\u00a0\u00bb width_phone=\u00a0\u00bb80%\u00a0\u00bb width_last_edited=\u00a0\u00bbon|desktop\u00a0\u00bb max_width=\u00a0\u00bbnone\u00a0\u00bb global_colors_info=\u00a0\u00bb{}\u00a0\u00bb][et_pb_column type=\u00a0\u00bb4_4&Prime; _builder_version=\u00a0\u00bb4.24.3&Prime; _module_preset=\u00a0\u00bbdefault\u00a0\u00bb global_colors_info=\u00a0\u00bb{}\u00a0\u00bb][et_pb_heading title=\u00a0\u00bbMES SERVICES\u00a0\u00bb _builder_version=\u00a0\u00bb4.27.4&Prime; _module_preset=\u00a0\u00bb2d4b6216-cbb9-4a2b-9a22-d612b9ac73b1&Prime; title_font=\u00a0\u00bbBitter|||on|||||\u00a0\u00bb title_text_align=\u00a0\u00bbcenter\u00a0\u00bb title_text_color=\u00a0\u00bb#FFFFFF\u00a0\u00bb title_font_size=\u00a0\u00bb5vw\u00a0\u00bb title_letter_spacing=\u00a0\u00bb1px\u00a0\u00bb title_line_height=\u00a0\u00bb1.1em\u00a0\u00bb width=\u00a0\u00bb100%\u00a0\u00bb custom_margin=\u00a0\u00bb||-10px||false|false\u00a0\u00bb global_colors_info=\u00a0\u00bb{}\u00a0\u00bb][\/et_pb_heading][et_pb_text _builder_version=\u00a0\u00bb4.27.4&Prime; _module_preset=\u00a0\u00bbdefault\u00a0\u00bb header_6_font=\u00a0\u00bbMontserrat|300|||||||\u00a0\u00bb header_6_text_align=\u00a0\u00bbcenter\u00a0\u00bb header_6_text_color=\u00a0\u00bb#FFFFFF\u00a0\u00bb global_colors_info=\u00a0\u00bb{}\u00a0\u00bb]<\/p>\n<h6>Divers services peuvent vous \u00eatre propos\u00e9s par le biais de mes comp\u00e9tences multiples dans l&rsquo;univers des PC gaming.<\/h6>\n<p>[\/et_pb_text][\/et_pb_column][\/et_pb_row][\/et_pb_section][et_pb_section fb_built=\u00a0\u00bb1&Prime; admin_label=\u00a0\u00bbHeader &#038; Services\u00a0\u00bb _builder_version=\u00a0\u00bb4.27.4&Prime; _module_preset=\u00a0\u00bbdefault\u00a0\u00bb background_color=\u00a0\u00bb#000000&Prime; collapsed=\u00a0\u00bbon\u00a0\u00bb global_colors_info=\u00a0\u00bb{}\u00a0\u00bb][et_pb_row column_structure=\u00a0\u00bb1_2,1_2&Prime; custom_padding_last_edited=\u00a0\u00bbon|tablet\u00a0\u00bb _builder_version=\u00a0\u00bb4.27.4&Prime; _module_preset=\u00a0\u00bbdefault\u00a0\u00bb custom_padding_tablet=\u00a0\u00bb||0px||false|false\u00a0\u00bb custom_padding_phone=\u00a0\u00bb||0px||false|false\u00a0\u00bb global_colors_info=\u00a0\u00bb{}\u00a0\u00bb][et_pb_column type=\u00a0\u00bb1_2&Prime; _builder_version=\u00a0\u00bb4.27.4&Prime; _module_preset=\u00a0\u00bbdefault\u00a0\u00bb custom_padding=\u00a0\u00bb20px|20px|20px|20px|true|true\u00a0\u00bb border_width_all=\u00a0\u00bb2px\u00a0\u00bb border_color_all=\u00a0\u00bbgcid-9bb9bfe2-980a-472b-9544-d767cdb4022e\u00a0\u00bb global_colors_info=\u00a0\u00bb{%22gcid-9bb9bfe2-980a-472b-9544-d767cdb4022e%22:%91%22border_color_all%22%93}\u00a0\u00bb][et_pb_image src=\u00a0\u00bbhttps:\/\/faismonpc.fr\/wp-content\/uploads\/2025\/01\/operateur-1.png\u00a0\u00bb title_text=\u00a0\u00bbfaismonpc_gaming\u00a0\u00bb align=\u00a0\u00bbcenter\u00a0\u00bb _builder_version=\u00a0\u00bb4.27.4&Prime; _module_preset=\u00a0\u00bbdefault\u00a0\u00bb custom_margin=\u00a0\u00bb||7px|||\u00a0\u00bb global_colors_info=\u00a0\u00bb{}\u00a0\u00bb][\/et_pb_image][et_pb_text _builder_version=\u00a0\u00bb4.27.4&Prime; _module_preset=\u00a0\u00bb6ee36c12-ed1f-4500-b034-dc147ff32a98&Prime; header_3_font=\u00a0\u00bbMontserrat|700|||||||\u00a0\u00bb header_3_text_align=\u00a0\u00bbcenter\u00a0\u00bb header_3_text_color=\u00a0\u00bb#EDF000&Prime; header_3_font_size=\u00a0\u00bb29px\u00a0\u00bb custom_margin=\u00a0\u00bb||10px||false|false\u00a0\u00bb custom_padding=\u00a0\u00bb7px|||||\u00a0\u00bb global_colors_info=\u00a0\u00bb{}\u00a0\u00bb]<\/p>\n<h3>CONSEILS PERSONNALIS\u00c9S<\/h3>\n<p>[\/et_pb_text][et_pb_text _builder_version=\u00a0\u00bb4.27.4&Prime; _module_preset=\u00a0\u00bbdeb20e53-c218-4f3c-a89d-6b4820e63fce\u00a0\u00bb text_font=\u00a0\u00bbBitter||||||||\u00a0\u00bb text_text_color=\u00a0\u00bb#FFFFFF\u00a0\u00bb global_colors_info=\u00a0\u00bb{}\u00a0\u00bb]<\/p>\n<p style=\"text-align: justify;\">Sp\u00e9cialiste en conseil personnalis\u00e9 pour le montage de PC gamer, j&rsquo;accompagne les passionn\u00e9s dans le choix des composants adapt\u00e9s \u00e0 leurs besoins et \u00e0 leur budget. Mon expertise garantit des configurations optimales pour des performances maximales, que ce soit pour le gaming, le streaming ou la cr\u00e9ation de contenu.<\/p>\n<p>[\/et_pb_text][et_pb_button button_url=\u00a0\u00bbhttps:\/\/faismonpc.fr\/devis\/\u00a0\u00bb button_text=\u00a0\u00bbDEVIS\u00a0\u00bb button_alignment=\u00a0\u00bbcenter\u00a0\u00bb _builder_version=\u00a0\u00bb4.27.4&Prime; _module_preset=\u00a0\u00bb29a263c3-b000-4ed8-b9c9-cbf7bf3ba131&Prime; button_font=\u00a0\u00bbBitter|700||on|||||\u00a0\u00bb global_colors_info=\u00a0\u00bb{}\u00a0\u00bb][\/et_pb_button][\/et_pb_column][et_pb_column type=\u00a0\u00bb1_2&Prime; _builder_version=\u00a0\u00bb4.24.0&Prime; _module_preset=\u00a0\u00bbdefault\u00a0\u00bb custom_padding=\u00a0\u00bb20px|20px|20px|20px|true|true\u00a0\u00bb border_width_all=\u00a0\u00bb2px\u00a0\u00bb border_color_all=\u00a0\u00bbgcid-9bb9bfe2-980a-472b-9544-d767cdb4022e\u00a0\u00bb global_colors_info=\u00a0\u00bb{%22gcid-9bb9bfe2-980a-472b-9544-d767cdb4022e%22:%91%22border_color_all%22%93}\u00a0\u00bb][et_pb_image src=\u00a0\u00bbhttps:\/\/faismonpc.fr\/wp-content\/uploads\/2025\/01\/acquisition.png\u00a0\u00bb title_text=\u00a0\u00bbACHAT_faismonpc_gaming\u00a0\u00bb align=\u00a0\u00bbcenter\u00a0\u00bb _builder_version=\u00a0\u00bb4.27.4&Prime; _module_preset=\u00a0\u00bbdefault\u00a0\u00bb custom_margin=\u00a0\u00bb||14px|||\u00a0\u00bb global_colors_info=\u00a0\u00bb{}\u00a0\u00bb][\/et_pb_image][et_pb_text _builder_version=\u00a0\u00bb4.27.4&Prime; _module_preset=\u00a0\u00bb6ee36c12-ed1f-4500-b034-dc147ff32a98&Prime; header_3_font=\u00a0\u00bbMontserrat|700|||||||\u00a0\u00bb header_3_text_align=\u00a0\u00bbcenter\u00a0\u00bb header_3_text_color=\u00a0\u00bb#EDF000&Prime; header_3_font_size=\u00a0\u00bb29px\u00a0\u00bb custom_margin=\u00a0\u00bb||10px||false|false\u00a0\u00bb global_colors_info=\u00a0\u00bb{}\u00a0\u00bb]<\/p>\n<h3>ACHAT OPTIMIS\u00c9<\/h3>\n<p>[\/et_pb_text][et_pb_text _builder_version=\u00a0\u00bb4.27.4&Prime; _module_preset=\u00a0\u00bbdeb20e53-c218-4f3c-a89d-6b4820e63fce\u00a0\u00bb text_font=\u00a0\u00bbBitter||||||||\u00a0\u00bb text_text_color=\u00a0\u00bb#FFFFFF\u00a0\u00bb global_colors_info=\u00a0\u00bb{}\u00a0\u00bb]<\/p>\n<p style=\"text-align: justify;\">Expert en conseils personnalis\u00e9s pour un achat optimis\u00e9 de PC gamer, j&rsquo;aide \u00e0 choisir les meilleures configurations en fonction de vos besoins, de vos usages et de votre budget. Mon objectif : garantir un excellent rapport qualit\u00e9\/prix pour des performances adapt\u00e9es, que ce soit pour jouer, streamer ou cr\u00e9er du contenu.<\/p>\n<p>[\/et_pb_text][et_pb_button button_url=\u00a0\u00bbhttps:\/\/faismonpc.fr\/devis\/\u00a0\u00bb button_text=\u00a0\u00bbdevis\u00a0\u00bb button_alignment=\u00a0\u00bbcenter\u00a0\u00bb _builder_version=\u00a0\u00bb4.27.4&Prime; _module_preset=\u00a0\u00bb29a263c3-b000-4ed8-b9c9-cbf7bf3ba131&Prime; button_font=\u00a0\u00bbBitter|700||on|||||\u00a0\u00bb locked=\u00a0\u00bboff\u00a0\u00bb global_colors_info=\u00a0\u00bb{}\u00a0\u00bb custom_margin=\u00a0\u00bb||39px|||\u00a0\u00bb][\/et_pb_button][\/et_pb_column][\/et_pb_row][et_pb_row column_structure=\u00a0\u00bb1_2,1_2&Prime; custom_padding_last_edited=\u00a0\u00bbon|tablet\u00a0\u00bb _builder_version=\u00a0\u00bb4.27.4&Prime; _module_preset=\u00a0\u00bbdefault\u00a0\u00bb custom_padding_tablet=\u00a0\u00bb||0px||false|false\u00a0\u00bb custom_padding_phone=\u00a0\u00bb||0px||false|false\u00a0\u00bb global_colors_info=\u00a0\u00bb{}\u00a0\u00bb][et_pb_column type=\u00a0\u00bb1_2&Prime; _builder_version=\u00a0\u00bb4.27.4&Prime; _module_preset=\u00a0\u00bbdefault\u00a0\u00bb custom_padding=\u00a0\u00bb20px|20px|20px|20px|true|true\u00a0\u00bb border_width_all=\u00a0\u00bb2px\u00a0\u00bb border_color_all=\u00a0\u00bbgcid-9bb9bfe2-980a-472b-9544-d767cdb4022e\u00a0\u00bb global_colors_info=\u00a0\u00bb{%22gcid-9bb9bfe2-980a-472b-9544-d767cdb4022e%22:%91%22border_color_all%22%93}\u00a0\u00bb][et_pb_image src=\u00a0\u00bbhttps:\/\/faismonpc.fr\/wp-content\/uploads\/2025\/01\/gaming-pc.png\u00a0\u00bb title_text=\u00a0\u00bbgaming-pc-FAISMONPC\u00a0\u00bb align=\u00a0\u00bbcenter\u00a0\u00bb _builder_version=\u00a0\u00bb4.27.4&Prime; _module_preset=\u00a0\u00bbdefault\u00a0\u00bb custom_margin=\u00a0\u00bb||7px|||\u00a0\u00bb global_colors_info=\u00a0\u00bb{}\u00a0\u00bb][\/et_pb_image][et_pb_text _builder_version=\u00a0\u00bb4.27.4&Prime; _module_preset=\u00a0\u00bb6ee36c12-ed1f-4500-b034-dc147ff32a98&Prime; header_3_font=\u00a0\u00bbMontserrat|700|||||||\u00a0\u00bb header_3_text_align=\u00a0\u00bbcenter\u00a0\u00bb header_3_text_color=\u00a0\u00bb#EDF000&Prime; header_3_font_size=\u00a0\u00bb29px\u00a0\u00bb custom_margin=\u00a0\u00bb||10px||false|false\u00a0\u00bb custom_padding=\u00a0\u00bb7px|||||\u00a0\u00bb global_colors_info=\u00a0\u00bb{}\u00a0\u00bb]<\/p>\n<h3>MONTAGE PROFESSIONNEL<\/h3>\n<p>[\/et_pb_text][et_pb_text _builder_version=\u00a0\u00bb4.27.4&Prime; _module_preset=\u00a0\u00bbdeb20e53-c218-4f3c-a89d-6b4820e63fce\u00a0\u00bb text_font=\u00a0\u00bbBitter||||||||\u00a0\u00bb text_text_color=\u00a0\u00bb#FFFFFF\u00a0\u00bb global_colors_info=\u00a0\u00bb{}\u00a0\u00bb]<\/p>\n<p style=\"text-align: justify;\">Sp\u00e9cialiste en montage professionnel de PC gaming, je con\u00e7ois des configurations sur mesure pour des performances maximales, adapt\u00e9es \u00e0 vos besoins sp\u00e9cifiques. Je mets \u00e0 disposition une expertise, une optimisation et une qualit\u00e9 au service de votre exp\u00e9rience de jeu, de stream ou de cr\u00e9ation de contenu.<\/p>\n<p>[\/et_pb_text][et_pb_button button_url=\u00a0\u00bbhttps:\/\/faismonpc.fr\/devis\/\u00a0\u00bb button_text=\u00a0\u00bbDEVIS\u00a0\u00bb button_alignment=\u00a0\u00bbcenter\u00a0\u00bb _builder_version=\u00a0\u00bb4.27.4&Prime; _module_preset=\u00a0\u00bb29a263c3-b000-4ed8-b9c9-cbf7bf3ba131&Prime; button_font=\u00a0\u00bbBitter|700||on|||||\u00a0\u00bb global_colors_info=\u00a0\u00bb{}\u00a0\u00bb][\/et_pb_button][\/et_pb_column][et_pb_column type=\u00a0\u00bb1_2&Prime; _builder_version=\u00a0\u00bb4.24.0&Prime; _module_preset=\u00a0\u00bbdefault\u00a0\u00bb custom_padding=\u00a0\u00bb20px|20px|20px|20px|true|true\u00a0\u00bb border_width_all=\u00a0\u00bb2px\u00a0\u00bb border_color_all=\u00a0\u00bbgcid-9bb9bfe2-980a-472b-9544-d767cdb4022e\u00a0\u00bb global_colors_info=\u00a0\u00bb{%22gcid-9bb9bfe2-980a-472b-9544-d767cdb4022e%22:%91%22border_color_all%22%93}\u00a0\u00bb][et_pb_image src=\u00a0\u00bbhttps:\/\/faismonpc.fr\/wp-content\/uploads\/2025\/01\/expedie.png\u00a0\u00bb title_text=\u00a0\u00bbexpedier_faismonpc_gaming\u00a0\u00bb align=\u00a0\u00bbcenter\u00a0\u00bb _builder_version=\u00a0\u00bb4.27.4&Prime; _module_preset=\u00a0\u00bbdefault\u00a0\u00bb custom_margin=\u00a0\u00bb||14px|||\u00a0\u00bb global_colors_info=\u00a0\u00bb{}\u00a0\u00bb][\/et_pb_image][et_pb_text _builder_version=\u00a0\u00bb4.27.4&Prime; _module_preset=\u00a0\u00bb6ee36c12-ed1f-4500-b034-dc147ff32a98&Prime; header_3_font=\u00a0\u00bbMontserrat|700|||||||\u00a0\u00bb header_3_text_align=\u00a0\u00bbcenter\u00a0\u00bb header_3_text_color=\u00a0\u00bb#EDF000&Prime; header_3_font_size=\u00a0\u00bb29px\u00a0\u00bb custom_margin=\u00a0\u00bb||10px||false|false\u00a0\u00bb global_colors_info=\u00a0\u00bb{}\u00a0\u00bb]<\/p>\n<h3>EXP\u00c9DITION S\u00c9CURIS\u00c9E<\/h3>\n<p>[\/et_pb_text][et_pb_text _builder_version=\u00a0\u00bb4.27.4&Prime; _module_preset=\u00a0\u00bbdeb20e53-c218-4f3c-a89d-6b4820e63fce\u00a0\u00bb text_font=\u00a0\u00bbBitter||||||||\u00a0\u00bb text_text_color=\u00a0\u00bb#FFFFFF\u00a0\u00bb global_colors_info=\u00a0\u00bb{}\u00a0\u00bb]<\/p>\n<p style=\"text-align: justify;\">En tant que sp\u00e9cialiste du montage professionnel de PC gamin, je con\u00e7ois des configurations sur mesure adapt\u00e9es \u00e0 vos besoins sp\u00e9cifiques. Chaque PC est mont\u00e9 avec le plus grand soin, test\u00e9 pour des performances optimales et exp\u00e9di\u00e9 de mani\u00e8re s\u00e9curis\u00e9e pour garantir son int\u00e9grit\u00e9. Gr\u00e2ce \u00e0 un service d&rsquo;exp\u00e9dition rapide et fiable.<\/p>\n<p>[\/et_pb_text][et_pb_button button_url=\u00a0\u00bbhttps:\/\/faismonpc.fr\/devis\/\u00a0\u00bb button_text=\u00a0\u00bbdevis\u00a0\u00bb button_alignment=\u00a0\u00bbcenter\u00a0\u00bb _builder_version=\u00a0\u00bb4.27.4&Prime; _module_preset=\u00a0\u00bb29a263c3-b000-4ed8-b9c9-cbf7bf3ba131&Prime; button_font=\u00a0\u00bbBitter|700||on|||||\u00a0\u00bb locked=\u00a0\u00bboff\u00a0\u00bb global_colors_info=\u00a0\u00bb{}\u00a0\u00bb custom_margin=\u00a0\u00bb||39px|||\u00a0\u00bb][\/et_pb_button][\/et_pb_column][\/et_pb_row][\/et_pb_section]<\/p>\n","protected":false},"excerpt":{"rendered":"<p>Divers services peuvent vous \u00eatre propos\u00e9s par le biais de mes comp\u00e9tences multiples dans l&rsquo;univers des PC gaming.CONSEILS PERSONNALIS\u00c9SSp\u00e9cialiste en conseil personnalis\u00e9 pour le montage de PC gamer, j&rsquo;accompagne les passionn\u00e9s dans le choix des composants adapt\u00e9s \u00e0 leurs besoins et \u00e0 leur budget. Mon expertise garantit des configurations optimales pour des performances maximales, que [&hellip;]<\/p>\n","protected":false},"author":1,"featured_media":0,"parent":0,"menu_order":0,"comment_status":"closed","ping_status":"closed","template":"","meta":{"_et_pb_use_builder":"on","_et_pb_old_content":"","_et_gb_content_width":"","footnotes":""},"class_list":["post-712","page","type-page","status-publish","hentry"],"_links":{"self":[{"href":"https:\/\/faismonpc.fr\/accueil\/wp-json\/wp\/v2\/pages\/712","targetHints":{"allow":["GET"]}}],"collection":[{"href":"https:\/\/faismonpc.fr\/accueil\/wp-json\/wp\/v2\/pages"}],"about":[{"href":"https:\/\/faismonpc.fr\/accueil\/wp-json\/wp\/v2\/types\/page"}],"author":[{"embeddable":true,"href":"https:\/\/faismonpc.fr\/accueil\/wp-json\/wp\/v2\/users\/1"}],"replies":[{"embeddable":true,"href":"https:\/\/faismonpc.fr\/accueil\/wp-json\/wp\/v2\/comments?post=712"}],"version-history":[{"count":9,"href":"https:\/\/faismonpc.fr\/accueil\/wp-json\/wp\/v2\/pages\/712\/revisions"}],"predecessor-version":[{"id":1533,"href":"https:\/\/faismonpc.fr\/accueil\/wp-json\/wp\/v2\/pages\/712\/revisions\/1533"}],"wp:attachment":[{"href":"https:\/\/faismonpc.fr\/accueil\/wp-json\/wp\/v2\/media?parent=712"}],"curies":[{"name":"wp","href":"https:\/\/api.w.org\/{rel}","templated":true}]}}