{"id":2523,"date":"2025-12-26T15:11:26","date_gmt":"2025-12-26T15:11:26","guid":{"rendered":"https:\/\/faismonpc.fr\/accueil\/?page_id=2523"},"modified":"2025-12-26T19:25:05","modified_gmt":"2025-12-26T19:25:05","slug":"mentions-legales","status":"publish","type":"page","link":"https:\/\/faismonpc.fr\/accueil\/mentions-legales\/","title":{"rendered":"Mentions l\u00e9gales"},"content":{"rendered":"[et_pb_section fb_built=\u00a0\u00bb1&Prime; admin_label=\u00a0\u00bbsection\u00a0\u00bb _builder_version=\u00a0\u00bb4.27.5&Prime; hover_enabled=\u00a0\u00bb0&Prime; global_colors_info=\u00a0\u00bb{}\u00a0\u00bb use_background_color_gradient=\u00a0\u00bbon\u00a0\u00bb background_color_gradient_stops=\u00a0\u00bb#c6c6c6 23%|#ffffff 55%\u00a0\u00bb background_color_gradient_direction=\u00a0\u00bb236deg\u00a0\u00bb sticky_enabled=\u00a0\u00bb0&Prime;][et_pb_row admin_label=\u00a0\u00bbrow\u00a0\u00bb _builder_version=\u00a0\u00bb4.16&Prime; background_size=\u00a0\u00bbinitial\u00a0\u00bb background_position=\u00a0\u00bbtop_left\u00a0\u00bb background_repeat=\u00a0\u00bbrepeat\u00a0\u00bb global_colors_info=\u00a0\u00bb{}\u00a0\u00bb][et_pb_column type=\u00a0\u00bb4_4&Prime; _builder_version=\u00a0\u00bb4.16&Prime; custom_padding=\u00a0\u00bb|||\u00a0\u00bb global_colors_info=\u00a0\u00bb{}\u00a0\u00bb custom_padding__hover=\u00a0\u00bb|||\u00a0\u00bb][et_pb_text admin_label=\u00a0\u00bbText\u00a0\u00bb _builder_version=\u00a0\u00bb4.16&Prime; background_size=\u00a0\u00bbinitial\u00a0\u00bb background_position=\u00a0\u00bbtop_left\u00a0\u00bb background_repeat=\u00a0\u00bbrepeat\u00a0\u00bb global_colors_info=\u00a0\u00bb{}\u00a0\u00bb]\n<h1 class=\"wp-block-heading\">\ud83d\udcc4 Mentions l\u00e9gales<\/h1>\n\n\n\n<h2 class=\"wp-block-heading\">\u00c9diteur du site<\/h2>\n\n\n\n<p>Le site <strong>FaisMonPC<\/strong> est \u00e9dit\u00e9 par :<\/p>\n\n\n\n<p><strong>Nom commercial :<\/strong> FaisMonPC<br><strong>Responsable de la publication :<\/strong> Vincent Led\u00e9z<br><strong>Statut juridique :<\/strong> Auto-entrepreneur<br><strong>Adresse :<\/strong> Montayral, France<br><strong>SIRET :<\/strong> 978 596 799 00012<br><strong>Adresse email :<\/strong> <a>contactpro@faismonpc.fr<\/a><\/p>\n\n\n\n<hr class=\"wp-block-separator has-alpha-channel-opacity\"\/>\n\n\n\n<h2 class=\"wp-block-heading\">H\u00e9bergement<\/h2>\n\n\n\n<p>Le site est h\u00e9berg\u00e9 par :<\/p>\n\n\n\n<p><strong>Hostinger International Ltd<\/strong><br>61 Lordou Vironos Street<br>6023 Larnaca<br>Chypre<\/p>\n\n\n\n<hr class=\"wp-block-separator has-alpha-channel-opacity\"\/>\n\n\n\n<h2 class=\"wp-block-heading\">Propri\u00e9t\u00e9 intellectuelle<\/h2>\n\n\n\n<p>L\u2019ensemble des contenus pr\u00e9sents sur le site <strong>FaisMonPC<\/strong> (textes, images, graphismes, logos, ic\u00f4nes, vid\u00e9os, structure du site, etc.) est prot\u00e9g\u00e9 par le droit de la propri\u00e9t\u00e9 intellectuelle.<\/p>\n\n\n\n<p>Toute reproduction, repr\u00e9sentation, modification, publication ou adaptation, totale ou partielle, de ces \u00e9l\u00e9ments, sans autorisation pr\u00e9alable \u00e9crite, est strictement interdite.<\/p>\n\n\n\n<hr class=\"wp-block-separator has-alpha-channel-opacity\"\/>\n\n\n\n<h2 class=\"wp-block-heading\">Responsabilit\u00e9<\/h2>\n\n\n\n<p>L\u2019\u00e9diteur du site met tout en \u0153uvre pour fournir des informations fiables et \u00e0 jour.<br>Toutefois, il ne saurait \u00eatre tenu responsable des omissions, inexactitudes ou carences dans la mise \u00e0 jour du contenu, qu\u2019elles soient de son fait ou du fait de tiers partenaires.<\/p>\n\n\n\n<p>L\u2019\u00e9diteur ne pourra \u00eatre tenu responsable des dommages directs ou indirects r\u00e9sultant de l\u2019acc\u00e8s ou de l\u2019utilisation du site.<\/p>\n\n\n\n<hr class=\"wp-block-separator has-alpha-channel-opacity\"\/>\n\n\n\n<h2 class=\"wp-block-heading\">Donn\u00e9es personnelles<\/h2>\n\n\n\n<p>Les informations relatives \u00e0 la collecte et au traitement des donn\u00e9es personnelles sont d\u00e9taill\u00e9es dans la <strong>Politique de confidentialit\u00e9<\/strong>, accessible depuis le pied de page du site.<\/p>\n\n\n\n<hr class=\"wp-block-separator has-alpha-channel-opacity\"\/>\n\n\n\n<h2 class=\"wp-block-heading\">Cookies<\/h2>\n\n\n\n<p>Le site utilise des cookies afin d\u2019am\u00e9liorer l\u2019exp\u00e9rience utilisateur et de mesurer l\u2019audience.<br>Les informations d\u00e9taill\u00e9es concernant l\u2019utilisation des cookies sont disponibles dans la <strong>Politique de cookies<\/strong>, accessible depuis le pied de page du site.<\/p>\n\n\n\n<hr class=\"wp-block-separator has-alpha-channel-opacity\"\/>\n\n\n\n<h2 class=\"wp-block-heading\">Cr\u00e9dits<\/h2>\n\n\n\n<p><strong>Conception initiale du site :<\/strong> Steven Gomes<br><strong>Maintenance et mises \u00e0 jour :<\/strong> Vincent Ledez<\/p>\n[\/et_pb_text][\/et_pb_column][\/et_pb_row][\/et_pb_section]","protected":false},"excerpt":{"rendered":"<p>\ud83d\udcc4 Mentions l\u00e9gales \u00c9diteur du site Le site FaisMonPC est \u00e9dit\u00e9 par : Nom commercial : FaisMonPCResponsable de la publication : Vincent Led\u00e9zStatut juridique : Auto-entrepreneurAdresse : Montayral, FranceSIRET : 978 596 799 00012Adresse email : contactpro@faismonpc.fr H\u00e9bergement Le site est h\u00e9berg\u00e9 par : Hostinger International Ltd61 Lordou Vironos Street6023 LarnacaChypre Propri\u00e9t\u00e9 intellectuelle L\u2019ensemble des [&hellip;]<\/p>\n","protected":false},"author":1,"featured_media":0,"parent":0,"menu_order":0,"comment_status":"closed","ping_status":"closed","template":"","meta":{"_et_pb_use_builder":"on","_et_pb_old_content":"<!-- wp:heading {\"level\":1} -->\n<h1 class=\"wp-block-heading\">\ud83d\udcc4 Mentions l\u00e9gales<\/h1>\n<!-- \/wp:heading -->\n\n<!-- wp:heading -->\n<h2 class=\"wp-block-heading\">\u00c9diteur du site<\/h2>\n<!-- \/wp:heading -->\n\n<!-- wp:paragraph -->\n<p>Le site <strong>FaisMonPC<\/strong> est \u00e9dit\u00e9 par :<\/p>\n<!-- \/wp:paragraph -->\n\n<!-- wp:paragraph -->\n<p><strong>Nom commercial :<\/strong> FaisMonPC<br><strong>Responsable de la publication :<\/strong> Vincent Led\u00e9z<br><strong>Statut juridique :<\/strong> Auto-entrepreneur<br><strong>Adresse :<\/strong> Montayral, France<br><strong>SIRET :<\/strong> 978 596 799 00012<br><strong>Adresse email :<\/strong> <a>contactpro@faismonpc.fr<\/a><\/p>\n<!-- \/wp:paragraph -->\n\n<!-- wp:separator -->\n<hr class=\"wp-block-separator has-alpha-channel-opacity\"\/>\n<!-- \/wp:separator -->\n\n<!-- wp:heading -->\n<h2 class=\"wp-block-heading\">H\u00e9bergement<\/h2>\n<!-- \/wp:heading -->\n\n<!-- wp:paragraph -->\n<p>Le site est h\u00e9berg\u00e9 par :<\/p>\n<!-- \/wp:paragraph -->\n\n<!-- wp:paragraph -->\n<p><strong>Hostinger International Ltd<\/strong><br>61 Lordou Vironos Street<br>6023 Larnaca<br>Chypre<\/p>\n<!-- \/wp:paragraph -->\n\n<!-- wp:separator -->\n<hr class=\"wp-block-separator has-alpha-channel-opacity\"\/>\n<!-- \/wp:separator -->\n\n<!-- wp:heading -->\n<h2 class=\"wp-block-heading\">Propri\u00e9t\u00e9 intellectuelle<\/h2>\n<!-- \/wp:heading -->\n\n<!-- wp:paragraph -->\n<p>L\u2019ensemble des contenus pr\u00e9sents sur le site <strong>FaisMonPC<\/strong> (textes, images, graphismes, logos, ic\u00f4nes, vid\u00e9os, structure du site, etc.) est prot\u00e9g\u00e9 par le droit de la propri\u00e9t\u00e9 intellectuelle.<\/p>\n<!-- \/wp:paragraph -->\n\n<!-- wp:paragraph -->\n<p>Toute reproduction, repr\u00e9sentation, modification, publication ou adaptation, totale ou partielle, de ces \u00e9l\u00e9ments, sans autorisation pr\u00e9alable \u00e9crite, est strictement interdite.<\/p>\n<!-- \/wp:paragraph -->\n\n<!-- wp:separator -->\n<hr class=\"wp-block-separator has-alpha-channel-opacity\"\/>\n<!-- \/wp:separator -->\n\n<!-- wp:heading -->\n<h2 class=\"wp-block-heading\">Responsabilit\u00e9<\/h2>\n<!-- \/wp:heading -->\n\n<!-- wp:paragraph -->\n<p>L\u2019\u00e9diteur du site met tout en \u0153uvre pour fournir des informations fiables et \u00e0 jour.<br>Toutefois, il ne saurait \u00eatre tenu responsable des omissions, inexactitudes ou carences dans la mise \u00e0 jour du contenu, qu\u2019elles soient de son fait ou du fait de tiers partenaires.<\/p>\n<!-- \/wp:paragraph -->\n\n<!-- wp:paragraph -->\n<p>L\u2019\u00e9diteur ne pourra \u00eatre tenu responsable des dommages directs ou indirects r\u00e9sultant de l\u2019acc\u00e8s ou de l\u2019utilisation du site.<\/p>\n<!-- \/wp:paragraph -->\n\n<!-- wp:separator -->\n<hr class=\"wp-block-separator has-alpha-channel-opacity\"\/>\n<!-- \/wp:separator -->\n\n<!-- wp:heading -->\n<h2 class=\"wp-block-heading\">Donn\u00e9es personnelles<\/h2>\n<!-- \/wp:heading -->\n\n<!-- wp:paragraph -->\n<p>Les informations relatives \u00e0 la collecte et au traitement des donn\u00e9es personnelles sont d\u00e9taill\u00e9es dans la <strong>Politique de confidentialit\u00e9<\/strong>, accessible depuis le pied de page du site.<\/p>\n<!-- \/wp:paragraph -->\n\n<!-- wp:separator -->\n<hr class=\"wp-block-separator has-alpha-channel-opacity\"\/>\n<!-- \/wp:separator -->\n\n<!-- wp:heading -->\n<h2 class=\"wp-block-heading\">Cookies<\/h2>\n<!-- \/wp:heading -->\n\n<!-- wp:paragraph -->\n<p>Le site utilise des cookies afin d\u2019am\u00e9liorer l\u2019exp\u00e9rience utilisateur et de mesurer l\u2019audience.<br>Les informations d\u00e9taill\u00e9es concernant l\u2019utilisation des cookies sont disponibles dans la <strong>Politique de cookies<\/strong>, accessible depuis le pied de page du site.<\/p>\n<!-- \/wp:paragraph -->\n\n<!-- wp:separator -->\n<hr class=\"wp-block-separator has-alpha-channel-opacity\"\/>\n<!-- \/wp:separator -->\n\n<!-- wp:heading -->\n<h2 class=\"wp-block-heading\">Cr\u00e9dits<\/h2>\n<!-- \/wp:heading -->\n\n<!-- wp:paragraph -->\n<p><strong>Conception initiale du site :<\/strong> Steven Gomes<br><strong>Maintenance et mises \u00e0 jour :<\/strong> Vincent Ledez<\/p>\n<!-- \/wp:paragraph -->","_et_gb_content_width":"1080","footnotes":""},"class_list":["post-2523","page","type-page","status-publish","hentry"],"_links":{"self":[{"href":"https:\/\/faismonpc.fr\/accueil\/wp-json\/wp\/v2\/pages\/2523","targetHints":{"allow":["GET"]}}],"collection":[{"href":"https:\/\/faismonpc.fr\/accueil\/wp-json\/wp\/v2\/pages"}],"about":[{"href":"https:\/\/faismonpc.fr\/accueil\/wp-json\/wp\/v2\/types\/page"}],"author":[{"embeddable":true,"href":"https:\/\/faismonpc.fr\/accueil\/wp-json\/wp\/v2\/users\/1"}],"replies":[{"embeddable":true,"href":"https:\/\/faismonpc.fr\/accueil\/wp-json\/wp\/v2\/comments?post=2523"}],"version-history":[{"count":4,"href":"https:\/\/faismonpc.fr\/accueil\/wp-json\/wp\/v2\/pages\/2523\/revisions"}],"predecessor-version":[{"id":2584,"href":"https:\/\/faismonpc.fr\/accueil\/wp-json\/wp\/v2\/pages\/2523\/revisions\/2584"}],"wp:attachment":[{"href":"https:\/\/faismonpc.fr\/accueil\/wp-json\/wp\/v2\/media?parent=2523"}],"curies":[{"name":"wp","href":"https:\/\/api.w.org\/{rel}","templated":true}]}}