{"id":2511,"date":"2025-12-26T14:29:49","date_gmt":"2025-12-26T14:29:49","guid":{"rendered":"https:\/\/faismonpc.fr\/accueil\/?page_id=2511"},"modified":"2025-12-26T19:16:09","modified_gmt":"2025-12-26T19:16:09","slug":"contact","status":"publish","type":"page","link":"https:\/\/faismonpc.fr\/accueil\/contact\/","title":{"rendered":"Contact"},"content":{"rendered":"[et_pb_section fb_built=\u00a0\u00bb1&Prime; admin_label=\u00a0\u00bbsection\u00a0\u00bb _builder_version=\u00a0\u00bb4.27.5&Prime; hover_enabled=\u00a0\u00bb0&Prime; global_colors_info=\u00a0\u00bb{}\u00a0\u00bb use_background_color_gradient=\u00a0\u00bbon\u00a0\u00bb background_color_gradient_stops=\u00a0\u00bb#c6c6c6 28%|#ffffff 57%\u00a0\u00bb background_color_gradient_direction=\u00a0\u00bb216deg\u00a0\u00bb sticky_enabled=\u00a0\u00bb0&Prime;][et_pb_row admin_label=\u00a0\u00bbrow\u00a0\u00bb _builder_version=\u00a0\u00bb4.16&Prime; background_size=\u00a0\u00bbinitial\u00a0\u00bb background_position=\u00a0\u00bbtop_left\u00a0\u00bb background_repeat=\u00a0\u00bbrepeat\u00a0\u00bb global_colors_info=\u00a0\u00bb{}\u00a0\u00bb][et_pb_column type=\u00a0\u00bb4_4&Prime; _builder_version=\u00a0\u00bb4.16&Prime; custom_padding=\u00a0\u00bb|||\u00a0\u00bb global_colors_info=\u00a0\u00bb{}\u00a0\u00bb custom_padding__hover=\u00a0\u00bb|||\u00a0\u00bb][et_pb_text admin_label=\u00a0\u00bbText\u00a0\u00bb _builder_version=\u00a0\u00bb4.16&Prime; background_size=\u00a0\u00bbinitial\u00a0\u00bb background_position=\u00a0\u00bbtop_left\u00a0\u00bb background_repeat=\u00a0\u00bbrepeat\u00a0\u00bb global_colors_info=\u00a0\u00bb{}\u00a0\u00bb]<p><\/p>\n<h1 class=\"wp-block-heading\">\ud83d\udce9 Contact<\/h1>\n<p><\/p>\n<p><\/p>\n<h2 class=\"wp-block-heading\">\ud83d\udcde Nous contacter<\/h2>\n<p><\/p>\n<p><\/p>\n<p>Pour toute question concernant une commande, le suivi de livraison, le service apr\u00e8s-vente ou une information sur nos produits, vous pouvez nous contacter par email.<\/p>\n<p><\/p>\n<p><\/p>\n<p>\ud83d\udce7 <strong><a>contactpro@faismonpc.fr<\/a><\/strong><\/p>\n<p><\/p>\n<p><\/p>\n<p>Nous nous effor\u00e7ons de r\u00e9pondre <strong>dans les meilleurs d\u00e9lais<\/strong>, g\u00e9n\u00e9ralement sous <strong>24 \u00e0 48 heures ouvr\u00e9es<\/strong>.<\/p>\n<p><\/p>\n<p><\/p>\n<hr class=\"wp-block-separator has-alpha-channel-opacity\" \/>\n<p><\/p>\n<p><\/p>\n<h2 class=\"wp-block-heading\">\ud83e\uddfe PC personnalis\u00e9 sur devis<\/h2>\n<p><\/p>\n<p><\/p>\n<p>Pour toute <strong><a href=\"https:\/\/faismonpc.fr\/accueil\/devis\/\" data-type=\"page\" data-id=\"82\">demande de PC personnalis\u00e9<\/a><\/strong>, merci d\u2019utiliser notre page d\u00e9di\u00e9e :<\/p>\n<p><\/p>\n<p><\/p>\n<p>\ud83d\udc49<a href=\"https:\/\/faismonpc.fr\/devis\/\"> <strong>Devis personnalis\u00e9<\/strong><\/a><\/p>\n<p><\/p>\n<p><\/p>\n<p>Cette page nous permet de recueillir les informations n\u00e9cessaires afin de vous proposer une configuration adapt\u00e9e \u00e0 vos besoins et \u00e0 votre budget.<\/p>\n<p><\/p>\n<p><\/p>\n<hr class=\"wp-block-separator has-alpha-channel-opacity\" \/>\n<p><\/p>\n<p><\/p>\n<h2 class=\"wp-block-heading\">\u2139\ufe0f Informations importantes<\/h2>\n<p><\/p>\n<p><\/p>\n<p>Pour toute demande concernant une <strong>commande en cours<\/strong>, un <strong>retour<\/strong> ou le <strong>service apr\u00e8s-vente<\/strong>, merci d\u2019indiquer votre <strong>num\u00e9ro de commande<\/strong> dans votre message afin de faciliter le traitement de votre demande.<\/p>\n<p><\/p>\n<p><\/p>\n<hr class=\"wp-block-separator has-alpha-channel-opacity\" \/>\n<p><\/p>\n<p><\/p>\n<h2 class=\"wp-block-heading\">\ud83d\udd52 Horaires de traitement<\/h2>\n<p><\/p>\n<p><\/p>\n<p>Les demandes sont trait\u00e9es <strong>du lundi au vendredi<\/strong>, hors jours f\u00e9ri\u00e9s.<\/p>\n<p><\/p>[\/et_pb_text][\/et_pb_column][\/et_pb_row][\/et_pb_section]","protected":false},"excerpt":{"rendered":"<p>\ud83d\udce9 Contact \ud83d\udcde Nous contacter Pour toute question concernant une commande, le suivi de livraison, le service apr\u00e8s-vente ou une information sur nos produits, vous pouvez nous contacter par email. \ud83d\udce7 contactpro@faismonpc.fr Nous nous effor\u00e7ons de r\u00e9pondre dans les meilleurs d\u00e9lais, g\u00e9n\u00e9ralement sous 24 \u00e0 48 heures ouvr\u00e9es. \ud83e\uddfe PC personnalis\u00e9 sur devis Pour toute [&hellip;]<\/p>\n","protected":false},"author":1,"featured_media":0,"parent":0,"menu_order":0,"comment_status":"closed","ping_status":"closed","template":"","meta":{"_et_pb_use_builder":"on","_et_pb_old_content":"<!-- wp:heading {\"level\":1} -->\n<h1 class=\"wp-block-heading\">\ud83d\udce9 Contact<\/h1>\n<!-- \/wp:heading -->\n\n<!-- wp:heading -->\n<h2 class=\"wp-block-heading\">\ud83d\udcde Nous contacter<\/h2>\n<!-- \/wp:heading -->\n\n<!-- wp:paragraph -->\n<p>Pour toute question concernant une commande, le suivi de livraison, le service apr\u00e8s-vente ou une information sur nos produits, vous pouvez nous contacter par email.<\/p>\n<!-- \/wp:paragraph -->\n\n<!-- wp:paragraph -->\n<p>\ud83d\udce7 <strong><a>contactpro@faismonpc.fr<\/a><\/strong><\/p>\n<!-- \/wp:paragraph -->\n\n<!-- wp:paragraph -->\n<p>Nous nous effor\u00e7ons de r\u00e9pondre <strong>dans les meilleurs d\u00e9lais<\/strong>, g\u00e9n\u00e9ralement sous <strong>24 \u00e0 48 heures ouvr\u00e9es<\/strong>.<\/p>\n<!-- \/wp:paragraph -->\n\n<!-- wp:separator -->\n<hr class=\"wp-block-separator has-alpha-channel-opacity\"\/>\n<!-- \/wp:separator -->\n\n<!-- wp:heading -->\n<h2 class=\"wp-block-heading\">\ud83e\uddfe PC personnalis\u00e9 sur devis<\/h2>\n<!-- \/wp:heading -->\n\n<!-- wp:paragraph -->\n<p>Pour toute <strong><a href=\"https:\/\/faismonpc.fr\/accueil\/devis\/\" data-type=\"page\" data-id=\"82\">demande de PC personnalis\u00e9<\/a><\/strong>, merci d\u2019utiliser notre page d\u00e9di\u00e9e :<\/p>\n<!-- \/wp:paragraph -->\n\n<!-- wp:paragraph -->\n<p>\ud83d\udc49 <strong>Devis personnalis\u00e9<\/strong><\/p>\n<!-- \/wp:paragraph -->\n\n<!-- wp:paragraph -->\n<p>Cette page nous permet de recueillir les informations n\u00e9cessaires afin de vous proposer une configuration adapt\u00e9e \u00e0 vos besoins et \u00e0 votre budget.<\/p>\n<!-- \/wp:paragraph -->\n\n<!-- wp:separator -->\n<hr class=\"wp-block-separator has-alpha-channel-opacity\"\/>\n<!-- \/wp:separator -->\n\n<!-- wp:heading -->\n<h2 class=\"wp-block-heading\">\u2139\ufe0f Informations importantes<\/h2>\n<!-- \/wp:heading -->\n\n<!-- wp:paragraph -->\n<p>Pour toute demande concernant une <strong>commande en cours<\/strong>, un <strong>retour<\/strong> ou le <strong>service apr\u00e8s-vente<\/strong>, merci d\u2019indiquer votre <strong>num\u00e9ro de commande<\/strong> dans votre message afin de faciliter le traitement de votre demande.<\/p>\n<!-- \/wp:paragraph -->\n\n<!-- wp:separator -->\n<hr class=\"wp-block-separator has-alpha-channel-opacity\"\/>\n<!-- \/wp:separator -->\n\n<!-- wp:heading -->\n<h2 class=\"wp-block-heading\">\ud83d\udd52 Horaires de traitement<\/h2>\n<!-- \/wp:heading -->\n\n<!-- wp:paragraph -->\n<p>Les demandes sont trait\u00e9es <strong>du lundi au vendredi<\/strong>, hors jours f\u00e9ri\u00e9s.<\/p>\n<!-- \/wp:paragraph -->","_et_gb_content_width":"1080","footnotes":""},"class_list":["post-2511","page","type-page","status-publish","hentry"],"_links":{"self":[{"href":"https:\/\/faismonpc.fr\/accueil\/wp-json\/wp\/v2\/pages\/2511","targetHints":{"allow":["GET"]}}],"collection":[{"href":"https:\/\/faismonpc.fr\/accueil\/wp-json\/wp\/v2\/pages"}],"about":[{"href":"https:\/\/faismonpc.fr\/accueil\/wp-json\/wp\/v2\/types\/page"}],"author":[{"embeddable":true,"href":"https:\/\/faismonpc.fr\/accueil\/wp-json\/wp\/v2\/users\/1"}],"replies":[{"embeddable":true,"href":"https:\/\/faismonpc.fr\/accueil\/wp-json\/wp\/v2\/comments?post=2511"}],"version-history":[{"count":5,"href":"https:\/\/faismonpc.fr\/accueil\/wp-json\/wp\/v2\/pages\/2511\/revisions"}],"predecessor-version":[{"id":2579,"href":"https:\/\/faismonpc.fr\/accueil\/wp-json\/wp\/v2\/pages\/2511\/revisions\/2579"}],"wp:attachment":[{"href":"https:\/\/faismonpc.fr\/accueil\/wp-json\/wp\/v2\/media?parent=2511"}],"curies":[{"name":"wp","href":"https:\/\/api.w.org\/{rel}","templated":true}]}}