{"id":2490,"date":"2025-12-26T13:56:05","date_gmt":"2025-12-26T13:56:05","guid":{"rendered":"https:\/\/faismonpc.fr\/accueil\/?page_id=2490"},"modified":"2025-12-26T19:22:30","modified_gmt":"2025-12-26T19:22:30","slug":"livraison-retours","status":"publish","type":"page","link":"https:\/\/faismonpc.fr\/accueil\/livraison-retours\/","title":{"rendered":"Livraison &amp; retours"},"content":{"rendered":"[et_pb_section fb_built=\u00a0\u00bb1&Prime; admin_label=\u00a0\u00bbsection\u00a0\u00bb _builder_version=\u00a0\u00bb4.27.5&Prime; hover_enabled=\u00a0\u00bb0&Prime; global_colors_info=\u00a0\u00bb{}\u00a0\u00bb use_background_color_gradient=\u00a0\u00bbon\u00a0\u00bb background_color_gradient_stops=\u00a0\u00bb#c6c6c6 28%|#ffffff 58%\u00a0\u00bb background_color_gradient_direction=\u00a0\u00bb245deg\u00a0\u00bb sticky_enabled=\u00a0\u00bb0&Prime;][et_pb_row admin_label=\u00a0\u00bbrow\u00a0\u00bb _builder_version=\u00a0\u00bb4.16&Prime; background_size=\u00a0\u00bbinitial\u00a0\u00bb background_position=\u00a0\u00bbtop_left\u00a0\u00bb background_repeat=\u00a0\u00bbrepeat\u00a0\u00bb global_colors_info=\u00a0\u00bb{}\u00a0\u00bb][et_pb_column type=\u00a0\u00bb4_4&Prime; _builder_version=\u00a0\u00bb4.16&Prime; custom_padding=\u00a0\u00bb|||\u00a0\u00bb global_colors_info=\u00a0\u00bb{}\u00a0\u00bb custom_padding__hover=\u00a0\u00bb|||\u00a0\u00bb][et_pb_text admin_label=\u00a0\u00bbText\u00a0\u00bb _builder_version=\u00a0\u00bb4.16&Prime; background_size=\u00a0\u00bbinitial\u00a0\u00bb background_position=\u00a0\u00bbtop_left\u00a0\u00bb background_repeat=\u00a0\u00bbrepeat\u00a0\u00bb global_colors_info=\u00a0\u00bb{}\u00a0\u00bb]\n<h1 class=\"wp-block-heading\">\ud83d\ude9a Livraison &amp; retours<\/h1>\n\n\n\n<h2 class=\"wp-block-heading\">\ud83d\udce6 Livraison<\/h2>\n\n\n\n<p>Nous livrons actuellement <strong>uniquement en France m\u00e9tropolitaine<\/strong>.<\/p>\n\n\n\n<h3 class=\"wp-block-heading\">D\u00e9lais de pr\u00e9paration<\/h3>\n\n\n\n<p>Chaque PC est <strong>assembl\u00e9, configur\u00e9 et test\u00e9 manuellement<\/strong> apr\u00e8s validation du paiement.<br>Le d\u00e9lai de pr\u00e9paration, incluant le montage et les tests, est estim\u00e9 entre <strong>8 et 14 jours ouvr\u00e9s<\/strong>, selon le mode de paiement et la charge de commandes en cours.<\/p>\n\n\n\n<p>Pour les clients souhaitant recevoir leur PC plus rapidement, le <strong>virement bancaire<\/strong> permet un traitement prioritaire : les composants peuvent \u00eatre <strong>command\u00e9s d\u00e8s r\u00e9ception effective des fonds<\/strong>, ce qui peut r\u00e9duire le d\u00e9lai global de pr\u00e9paration.<\/p>\n\n\n\n<h3 class=\"wp-block-heading\">Exp\u00e9dition<\/h3>\n\n\n\n<p>Une fois le PC exp\u00e9di\u00e9, la livraison est assur\u00e9e par <strong>Colissimo, UPS ou Chronopost<\/strong>, selon le transporteur le plus adapt\u00e9.<\/p>\n\n\n\n<p>Les d\u00e9lais de livraison sont g\u00e9n\u00e9ralement de <strong>48 \u00e0 72 heures ouvr\u00e9es<\/strong> apr\u00e8s exp\u00e9dition.<\/p>\n\n\n\n<h3 class=\"wp-block-heading\">Frais de livraison<\/h3>\n\n\n\n<p>\ud83d\udc49 <strong>Les frais de livraison sont inclus dans le prix du PC<\/strong> pour toute livraison en France m\u00e9tropolitaine.<\/p>\n\n\n\n<hr class=\"wp-block-separator has-alpha-channel-opacity\"\/>\n\n\n\n<h2 class=\"wp-block-heading\">\ud83d\udd01 Droit de r\u00e9tractation &amp; retours<\/h2>\n\n\n\n<h3 class=\"wp-block-heading\">Produits vendus via la boutique<\/h3>\n\n\n\n<p>Conform\u00e9ment \u00e0 la l\u00e9gislation en vigueur, vous disposez d\u2019un <strong>d\u00e9lai de r\u00e9tractation de 14 jours<\/strong> \u00e0 compter de la <strong>r\u00e9ception de votre PC<\/strong>, applicable aux produits vendus directement via la boutique en ligne.<\/p>\n\n\n\n<p>Pour exercer ce droit, vous devez nous contacter par email \u00e0 l\u2019adresse suivante :<br>\ud83d\udce7 <strong><a>contactpro@faismonpc.fr<\/a><\/strong><\/p>\n\n\n\n<h3 class=\"wp-block-heading\">Proc\u00e9dure de retour<\/h3>\n\n\n\n<p>Toute demande de retour doit \u00eatre <strong>valid\u00e9e au pr\u00e9alable<\/strong> par notre service client.<\/p>\n\n\n\n<p>Apr\u00e8s validation, l\u2019<strong>adresse de retour<\/strong> vous sera communiqu\u00e9e par email.<br>Les <strong>frais de retour sont \u00e0 la charge du client<\/strong>, sauf en cas d\u2019erreur de notre part ou de produit d\u00e9fectueux \u00e0 la r\u00e9ception.<\/p>\n\n\n\n<hr class=\"wp-block-separator has-alpha-channel-opacity\"\/>\n\n\n\n<h2 class=\"wp-block-heading\">\u26a0\ufe0f Produits personnalis\u00e9s sur devis<\/h2>\n\n\n\n<p>Les <strong>PC personnalis\u00e9s r\u00e9alis\u00e9s sur devis<\/strong> sont consid\u00e9r\u00e9s comme des produits <strong>con\u00e7us sur mesure<\/strong>.<\/p>\n\n\n\n<p>Conform\u00e9ment \u00e0 l\u2019article <strong>L221-28 du Code de la consommation<\/strong>, ces produits <strong>ne b\u00e9n\u00e9ficient pas du droit de r\u00e9tractation<\/strong>.<br>La validation du devis d\u00e9taill\u00e9 vaut <strong>acceptation ferme et d\u00e9finitive<\/strong> de la commande.<\/p>\n\n\n\n<hr class=\"wp-block-separator has-alpha-channel-opacity\"\/>\n\n\n\n<h2 class=\"wp-block-heading\">\ud83d\udce9 Contact<\/h2>\n\n\n\n<p>Pour toute question concernant la livraison, les retours ou le suivi de commande, vous pouvez nous contacter \u00e0 l\u2019adresse suivante :<br>\ud83d\udce7 <strong><a>contactpro@faismonpc.fr<\/a><\/strong><\/p>\n[\/et_pb_text][\/et_pb_column][\/et_pb_row][\/et_pb_section]","protected":false},"excerpt":{"rendered":"<p>\ud83d\ude9a Livraison &amp; retours \ud83d\udce6 Livraison Nous livrons actuellement uniquement en France m\u00e9tropolitaine. D\u00e9lais de pr\u00e9paration Chaque PC est assembl\u00e9, configur\u00e9 et test\u00e9 manuellement apr\u00e8s validation du paiement.Le d\u00e9lai de pr\u00e9paration, incluant le montage et les tests, est estim\u00e9 entre 8 et 14 jours ouvr\u00e9s, selon le mode de paiement et la charge de commandes [&hellip;]<\/p>\n","protected":false},"author":1,"featured_media":0,"parent":0,"menu_order":0,"comment_status":"closed","ping_status":"closed","template":"","meta":{"_et_pb_use_builder":"on","_et_pb_old_content":"<!-- wp:heading {\"level\":1} -->\n<h1 class=\"wp-block-heading\">\ud83d\ude9a Livraison &amp; retours<\/h1>\n<!-- \/wp:heading -->\n\n<!-- wp:heading -->\n<h2 class=\"wp-block-heading\">\ud83d\udce6 Livraison<\/h2>\n<!-- \/wp:heading -->\n\n<!-- wp:paragraph -->\n<p>Nous livrons actuellement <strong>uniquement en France m\u00e9tropolitaine<\/strong>.<\/p>\n<!-- \/wp:paragraph -->\n\n<!-- wp:heading {\"level\":3} -->\n<h3 class=\"wp-block-heading\">D\u00e9lais de pr\u00e9paration<\/h3>\n<!-- \/wp:heading -->\n\n<!-- wp:paragraph -->\n<p>Chaque PC est <strong>assembl\u00e9, configur\u00e9 et test\u00e9 manuellement<\/strong> apr\u00e8s validation du paiement.<br>Le d\u00e9lai de pr\u00e9paration, incluant le montage et les tests, est estim\u00e9 entre <strong>8 et 14 jours ouvr\u00e9s<\/strong>, selon le mode de paiement et la charge de commandes en cours.<\/p>\n<!-- \/wp:paragraph -->\n\n<!-- wp:paragraph -->\n<p>Pour les clients souhaitant recevoir leur PC plus rapidement, le <strong>virement bancaire<\/strong> permet un traitement prioritaire : les composants peuvent \u00eatre <strong>command\u00e9s d\u00e8s r\u00e9ception effective des fonds<\/strong>, ce qui peut r\u00e9duire le d\u00e9lai global de pr\u00e9paration.<\/p>\n<!-- \/wp:paragraph -->\n\n<!-- wp:heading {\"level\":3} -->\n<h3 class=\"wp-block-heading\">Exp\u00e9dition<\/h3>\n<!-- \/wp:heading -->\n\n<!-- wp:paragraph -->\n<p>Une fois le PC exp\u00e9di\u00e9, la livraison est assur\u00e9e par <strong>Colissimo, UPS ou Chronopost<\/strong>, selon le transporteur le plus adapt\u00e9.<\/p>\n<!-- \/wp:paragraph -->\n\n<!-- wp:paragraph -->\n<p>Les d\u00e9lais de livraison sont g\u00e9n\u00e9ralement de <strong>48 \u00e0 72 heures ouvr\u00e9es<\/strong> apr\u00e8s exp\u00e9dition.<\/p>\n<!-- \/wp:paragraph -->\n\n<!-- wp:heading {\"level\":3} -->\n<h3 class=\"wp-block-heading\">Frais de livraison<\/h3>\n<!-- \/wp:heading -->\n\n<!-- wp:paragraph -->\n<p>\ud83d\udc49 <strong>Les frais de livraison sont inclus dans le prix du PC<\/strong> pour toute livraison en France m\u00e9tropolitaine.<\/p>\n<!-- \/wp:paragraph -->\n\n<!-- wp:separator -->\n<hr class=\"wp-block-separator has-alpha-channel-opacity\"\/>\n<!-- \/wp:separator -->\n\n<!-- wp:heading -->\n<h2 class=\"wp-block-heading\">\ud83d\udd01 Droit de r\u00e9tractation &amp; retours<\/h2>\n<!-- \/wp:heading -->\n\n<!-- wp:heading {\"level\":3} -->\n<h3 class=\"wp-block-heading\">Produits vendus via la boutique<\/h3>\n<!-- \/wp:heading -->\n\n<!-- wp:paragraph -->\n<p>Conform\u00e9ment \u00e0 la l\u00e9gislation en vigueur, vous disposez d\u2019un <strong>d\u00e9lai de r\u00e9tractation de 14 jours<\/strong> \u00e0 compter de la <strong>r\u00e9ception de votre PC<\/strong>, applicable aux produits vendus directement via la boutique en ligne.<\/p>\n<!-- \/wp:paragraph -->\n\n<!-- wp:paragraph -->\n<p>Pour exercer ce droit, vous devez nous contacter par email \u00e0 l\u2019adresse suivante :<br>\ud83d\udce7 <strong><a>contactpro@faismonpc.fr<\/a><\/strong><\/p>\n<!-- \/wp:paragraph -->\n\n<!-- wp:heading {\"level\":3} -->\n<h3 class=\"wp-block-heading\">Proc\u00e9dure de retour<\/h3>\n<!-- \/wp:heading -->\n\n<!-- wp:paragraph -->\n<p>Toute demande de retour doit \u00eatre <strong>valid\u00e9e au pr\u00e9alable<\/strong> par notre service client.<\/p>\n<!-- \/wp:paragraph -->\n\n<!-- wp:paragraph -->\n<p>Apr\u00e8s validation, l\u2019<strong>adresse de retour<\/strong> vous sera communiqu\u00e9e par email.<br>Les <strong>frais de retour sont \u00e0 la charge du client<\/strong>, sauf en cas d\u2019erreur de notre part ou de produit d\u00e9fectueux \u00e0 la r\u00e9ception.<\/p>\n<!-- \/wp:paragraph -->\n\n<!-- wp:separator -->\n<hr class=\"wp-block-separator has-alpha-channel-opacity\"\/>\n<!-- \/wp:separator -->\n\n<!-- wp:heading -->\n<h2 class=\"wp-block-heading\">\u26a0\ufe0f Produits personnalis\u00e9s sur devis<\/h2>\n<!-- \/wp:heading -->\n\n<!-- wp:paragraph -->\n<p>Les <strong>PC personnalis\u00e9s r\u00e9alis\u00e9s sur devis<\/strong> sont consid\u00e9r\u00e9s comme des produits <strong>con\u00e7us sur mesure<\/strong>.<\/p>\n<!-- \/wp:paragraph -->\n\n<!-- wp:paragraph -->\n<p>Conform\u00e9ment \u00e0 l\u2019article <strong>L221-28 du Code de la consommation<\/strong>, ces produits <strong>ne b\u00e9n\u00e9ficient pas du droit de r\u00e9tractation<\/strong>.<br>La validation du devis d\u00e9taill\u00e9 vaut <strong>acceptation ferme et d\u00e9finitive<\/strong> de la commande.<\/p>\n<!-- \/wp:paragraph -->\n\n<!-- wp:separator -->\n<hr class=\"wp-block-separator has-alpha-channel-opacity\"\/>\n<!-- \/wp:separator -->\n\n<!-- wp:heading -->\n<h2 class=\"wp-block-heading\">\ud83d\udce9 Contact<\/h2>\n<!-- \/wp:heading -->\n\n<!-- wp:paragraph -->\n<p>Pour toute question concernant la livraison, les retours ou le suivi de commande, vous pouvez nous contacter \u00e0 l\u2019adresse suivante :<br>\ud83d\udce7 <strong><a>contactpro@faismonpc.fr<\/a><\/strong><\/p>\n<!-- \/wp:paragraph -->","_et_gb_content_width":"1080","footnotes":""},"class_list":["post-2490","page","type-page","status-publish","hentry"],"_links":{"self":[{"href":"https:\/\/faismonpc.fr\/accueil\/wp-json\/wp\/v2\/pages\/2490","targetHints":{"allow":["GET"]}}],"collection":[{"href":"https:\/\/faismonpc.fr\/accueil\/wp-json\/wp\/v2\/pages"}],"about":[{"href":"https:\/\/faismonpc.fr\/accueil\/wp-json\/wp\/v2\/types\/page"}],"author":[{"embeddable":true,"href":"https:\/\/faismonpc.fr\/accueil\/wp-json\/wp\/v2\/users\/1"}],"replies":[{"embeddable":true,"href":"https:\/\/faismonpc.fr\/accueil\/wp-json\/wp\/v2\/comments?post=2490"}],"version-history":[{"count":7,"href":"https:\/\/faismonpc.fr\/accueil\/wp-json\/wp\/v2\/pages\/2490\/revisions"}],"predecessor-version":[{"id":2583,"href":"https:\/\/faismonpc.fr\/accueil\/wp-json\/wp\/v2\/pages\/2490\/revisions\/2583"}],"wp:attachment":[{"href":"https:\/\/faismonpc.fr\/accueil\/wp-json\/wp\/v2\/media?parent=2490"}],"curies":[{"name":"wp","href":"https:\/\/api.w.org\/{rel}","templated":true}]}}