{"id":1830,"date":"2025-10-08T15:07:33","date_gmt":"2025-10-08T15:07:33","guid":{"rendered":"https:\/\/faismonpc.fr\/accueil\/?page_id=1830"},"modified":"2026-01-27T19:38:16","modified_gmt":"2026-01-27T19:38:16","slug":"formulaire-de-proposition-dachat","status":"publish","type":"page","link":"https:\/\/faismonpc.fr\/accueil\/formulaire-de-proposition-dachat\/","title":{"rendered":"Formulaire de proposition d&rsquo;achat"},"content":{"rendered":"<p>[et_pb_section fb_built=\u00a0\u00bb1&Prime; module_id=\u00a0\u00bbrealisations\u00a0\u00bb _builder_version=\u00a0\u00bb4.27.5&Prime; _module_preset=\u00a0\u00bbdefault\u00a0\u00bb use_background_color_gradient=\u00a0\u00bbon\u00a0\u00bb background_color_gradient_stops=\u00a0\u00bbrgba(10,6,6,0.95) 0%|rgba(0,0,0,0.6) 76%\u00a0\u00bb background_color_gradient_overlays_image=\u00a0\u00bbon\u00a0\u00bb background_image=\u00a0\u00bbhttps:\/\/faismonpc.fr\/wp-content\/uploads\/2024\/11\/ktc-hero-blog-personal-storage-photo-video-editing-gaming-pc-hero-lg.jpg\u00a0\u00bb parallax=\u00a0\u00bbon\u00a0\u00bb custom_padding=\u00a0\u00bb3vw||3vw||true|false\u00a0\u00bb hover_enabled=\u00a0\u00bb0&Prime; border_width_bottom=\u00a0\u00bb3px\u00a0\u00bb border_color_bottom=\u00a0\u00bb#4a90e2&Prime; global_colors_info=\u00a0\u00bb{}\u00a0\u00bb sticky_enabled=\u00a0\u00bb0&Prime;][et_pb_row _builder_version=\u00a0\u00bb4.27.4&Prime; _module_preset=\u00a0\u00bbdefault\u00a0\u00bb animation_style=\u00a0\u00bbzoom\u00a0\u00bb animation_direction=\u00a0\u00bbbottom\u00a0\u00bb global_colors_info=\u00a0\u00bb{}\u00a0\u00bb][et_pb_column type=\u00a0\u00bb4_4&Prime; _builder_version=\u00a0\u00bb4.27.4&Prime; _module_preset=\u00a0\u00bbdefault\u00a0\u00bb global_colors_info=\u00a0\u00bb{}\u00a0\u00bb][et_pb_heading title=\u00a0\u00bbformulaire proposition d&rsquo;achat\u00a0\u00bb _builder_version=\u00a0\u00bb4.27.5&Prime; _module_preset=\u00a0\u00bb2d4b6216-cbb9-4a2b-9a22-d612b9ac73b1&Prime; title_font=\u00a0\u00bbBitter|||on|||||\u00a0\u00bb title_text_align=\u00a0\u00bbcenter\u00a0\u00bb title_text_color=\u00a0\u00bb#FFFFFF\u00a0\u00bb title_font_size_tablet=\u00a0\u00bb45px\u00a0\u00bb title_font_size_phone=\u00a0\u00bb29px\u00a0\u00bb title_font_size_last_edited=\u00a0\u00bbon|phone\u00a0\u00bb global_colors_info=\u00a0\u00bb{}\u00a0\u00bb][\/et_pb_heading][\/et_pb_column][\/et_pb_row][\/et_pb_section][et_pb_section fb_built=\u00a0\u00bb1&Prime; _builder_version=\u00a0\u00bb4.27.5&Prime; _module_preset=\u00a0\u00bbdefault\u00a0\u00bb background_color=\u00a0\u00bb#FFFFFF\u00a0\u00bb use_background_color_gradient=\u00a0\u00bbon\u00a0\u00bb background_color_gradient_direction=\u00a0\u00bb244deg\u00a0\u00bb background_color_gradient_stops=\u00a0\u00bb#d1d1d1 16%|#ffffff 53%\u00a0\u00bb global_colors_info=\u00a0\u00bb{}\u00a0\u00bb][et_pb_row _builder_version=\u00a0\u00bb4.27.5&Prime; _module_preset=\u00a0\u00bbdefault\u00a0\u00bb background_color=\u00a0\u00bbRGBA(255,255,255,0)\u00a0\u00bb animation_style=\u00a0\u00bbzoom\u00a0\u00bb animation_direction=\u00a0\u00bbbottom\u00a0\u00bb animation_duration=\u00a0\u00bb1500ms\u00a0\u00bb border_color_all=\u00a0\u00bb#0a93b5&Prime; global_colors_info=\u00a0\u00bb{}\u00a0\u00bb][et_pb_column type=\u00a0\u00bb4_4&Prime; _builder_version=\u00a0\u00bb4.27.4&Prime; _module_preset=\u00a0\u00bbdefault\u00a0\u00bb global_colors_info=\u00a0\u00bb{}\u00a0\u00bb][wpforms_selector form_id=\u00a0\u00bb1832&Prime; show_title=\u00a0\u00bbon\u00a0\u00bb show_desc=\u00a0\u00bbon\u00a0\u00bb _builder_version=\u00a0\u00bb4.27.4&Prime; _module_preset=\u00a0\u00bbdefault\u00a0\u00bb global_colors_info=\u00a0\u00bb{}\u00a0\u00bb][\/wpforms_selector][\/et_pb_column][\/et_pb_row][\/et_pb_section]<\/p>\n","protected":false},"excerpt":{"rendered":"<div class=\"et_pb_module wpforms_selector wpforms_selector_0\">\n\t\t\t\t\n\t\t\t\t\n\t\t\t\t\n\t\t\t\t\n\t\t\t\t\n\t\t\t\t\n\t\t\t\t<div class=\"et_pb_module_inner\">\n\t\t\t\t\t<style id=\"wpforms-css-vars-1832\">\n\t\t\t\t#wpforms-1832 {\n\t\t\t\t--wpforms-field-border-radius: 4px;\n--wpforms-field-border-color: #242121;\n--wpforms-field-border-color-spare: #242121;\n--wpforms-field-text-color: #4a90e2;\n--wpforms-label-color: #303133;\n--wpforms-label-sublabel-color: #4a90e2;\n--wpforms-button-border-style: solid;\n--wpforms-button-background-color: #4a90e2;\n--wpforms-button-border-color: #000000;\n--wpforms-container-padding: 0px;\n--wpforms-container-border-width: 1px;\n--wpforms-container-border-radius: 3px;\n--wpforms-background-color: rgba(0, 0, 0, 0);\n--wpforms-field-size-input-height: 43px;\n--wpforms-field-size-input-spacing: 15px;\n--wpforms-field-size-font-size: 16px;\n--wpforms-field-size-line-height: 19px;\n--wpforms-field-size-padding-h: 14px;\n--wpforms-field-size-checkbox-size: 16px;\n--wpforms-field-size-sublabel-spacing: 5px;\n--wpforms-field-size-icon-size: 1;\n--wpforms-label-size-font-size: 16px;\n--wpforms-label-size-line-height: 19px;\n--wpforms-label-size-sublabel-font-size: 14px;\n--wpforms-label-size-sublabel-line-height: 17px;\n--wpforms-button-size-font-size: 17px;\n--wpforms-button-size-height: 41px;\n--wpforms-button-size-padding-h: 15px;\n--wpforms-button-size-margin-top: 10px;\n--wpforms-container-shadow-size-box-shadow: none;\n\t\t\t}\n\t\t\t<\/style><div class=\"wpforms-container wpforms-container-full wpforms-render-modern\" id=\"wpforms-1832\"><form id=\"wpforms-form-1832\" class=\"wpforms-validate wpforms-form wpforms-ajax-form\" data-formid=\"1832\" method=\"post\" enctype=\"multipart\/form-data\" action=\"\/accueil\/wp-json\/wp\/v2\/pages\/1830\" data-token=\"71afc8484dbd722689f2af4ad4122d10\" data-token-time=\"1778092988\"><div class=\"wpforms-head-container\"><div class=\"wpforms-title\">Proposition d&#039;achat PC<\/div><\/div><noscript class=\"wpforms-error-noscript\">Veuillez activer JavaScript dans votre navigateur pour remplir ce formulaire.<\/noscript><div id=\"wpforms-error-noscript\" style=\"display: none;\">Veuillez activer JavaScript dans votre navigateur pour remplir ce formulaire.<\/div><div class=\"wpforms-field-container\"><div id=\"wpforms-1832-field_22-container\" class=\"wpforms-field wpforms-field-text\" data-field-id=\"22\"><label class=\"wpforms-field-label\" for=\"wpforms-1832-field_22\">1. Quel est ton budget total pour les composants ? (choix unique) <span class=\"wpforms-required-label\" aria-hidden=\"true\">*<\/span><\/label><input type=\"text\" id=\"wpforms-1832-field_22\" class=\"wpforms-field-medium wpforms-field-required\" name=\"wpforms[fields][22]\" aria-errormessage=\"wpforms-1832-field_22-error\" aria-describedby=\"wpforms-1832-field_22-description\" required><div id=\"wpforms-1832-field_22-description\" class=\"wpforms-field-description\">Indique ton budget pour les composants (hors montage et exp\u00e9dition).<\/div><\/div><div id=\"wpforms-1832-field_37-container\" class=\"wpforms-field wpforms-field-radio wpforms-list-2-columns\" data-field-id=\"37\"><fieldset><legend class=\"wpforms-field-label\">2. Quelle sera l\u2019utilisation principale de ton PC ? (choix unique) <span class=\"wpforms-required-label\" aria-hidden=\"true\">*<\/span><\/legend><ul id=\"wpforms-1832-field_37\" class=\"wpforms-field-required\"><li class=\"choice-1 depth-1\"><input type=\"radio\" id=\"wpforms-1832-field_37_1\" name=\"wpforms[fields][37]\" value=\"Gaming\" aria-errormessage=\"wpforms-1832-field_37_1-error\" required ><label class=\"wpforms-field-label-inline\" for=\"wpforms-1832-field_37_1\">Gaming<\/label><\/li><li class=\"choice-2 depth-1\"><input type=\"radio\" id=\"wpforms-1832-field_37_2\" name=\"wpforms[fields][37]\" value=\"Gaming + Streaming\" aria-errormessage=\"wpforms-1832-field_37_2-error\" required ><label class=\"wpforms-field-label-inline\" for=\"wpforms-1832-field_37_2\">Gaming + Streaming<\/label><\/li><li class=\"choice-3 depth-1\"><input type=\"radio\" id=\"wpforms-1832-field_37_3\" name=\"wpforms[fields][37]\" value=\"Cr\u00e9ation de contenu (montage vid\u00e9o, 3D, etc.)\" aria-errormessage=\"wpforms-1832-field_37_3-error\" required ><label class=\"wpforms-field-label-inline\" for=\"wpforms-1832-field_37_3\">Cr\u00e9ation de contenu (montage vid\u00e9o, 3D, etc.)<\/label><\/li><li class=\"choice-4 depth-1\"><input type=\"radio\" id=\"wpforms-1832-field_37_4\" name=\"wpforms[fields][37]\" value=\"Bureautique + multim\u00e9dia\" aria-errormessage=\"wpforms-1832-field_37_4-error\" required ><label class=\"wpforms-field-label-inline\" for=\"wpforms-1832-field_37_4\">Bureautique + multim\u00e9dia<\/label><\/li><\/ul><\/fieldset><\/div><div id=\"wpforms-1832-field_17-container\" class=\"wpforms-field wpforms-field-text\" data-field-id=\"17\"><label class=\"wpforms-field-label\" for=\"wpforms-1832-field_17\">Autre utilisation<\/label><input type=\"text\" id=\"wpforms-1832-field_17\" class=\"wpforms-field-medium\" name=\"wpforms[fields][17]\" aria-errormessage=\"wpforms-1832-field_17-error\" aria-describedby=\"wpforms-1832-field_17-description\" ><div id=\"wpforms-1832-field_17-description\" class=\"wpforms-field-description\">Indique une autre utilisation si aucune des propositions ci-dessus ne correspond.<\/div><\/div><div id=\"wpforms-1832-field_38-container\" class=\"wpforms-field wpforms-field-text\" data-field-id=\"38\"><label class=\"wpforms-field-label\" for=\"wpforms-1832-field_38\">3. Quel \u00e9cran utilises-tu actuellement (ou comptes-tu utiliser) ? <span class=\"wpforms-required-label\" aria-hidden=\"true\">*<\/span><\/label><input type=\"text\" id=\"wpforms-1832-field_38\" class=\"wpforms-field-medium wpforms-field-required\" name=\"wpforms[fields][38]\" aria-errormessage=\"wpforms-1832-field_38-error\" aria-describedby=\"wpforms-1832-field_38-description\" required><div id=\"wpforms-1832-field_38-description\" class=\"wpforms-field-description\">Ex : 24\" \u2013 1080p \u2013 144 Hz \/ 27\" \u2013 1440p \u2013 165 Hz \/ Je n\u2019ai pas encore d\u2019\u00e9cran, mais je vise du 4K 144 Hz.<\/div><\/div><div id=\"wpforms-1832-field_26-container\" class=\"wpforms-field wpforms-field-text\" data-field-id=\"26\"><label class=\"wpforms-field-label\" for=\"wpforms-1832-field_26\">4. Quels jeux ou logiciels utilises-tu principalement ? <span class=\"wpforms-required-label\" aria-hidden=\"true\">*<\/span><\/label><input type=\"text\" id=\"wpforms-1832-field_26\" class=\"wpforms-field-medium wpforms-field-required\" name=\"wpforms[fields][26]\" aria-errormessage=\"wpforms-1832-field_26-error\" aria-describedby=\"wpforms-1832-field_26-description\" required><div id=\"wpforms-1832-field_26-description\" class=\"wpforms-field-description\">\ud83d\udca1 Valorant, Call of Duty, Fortnite \/ Premiere Pro, Blender, Photoshop<\/div><\/div><div id=\"wpforms-1832-field_39-container\" class=\"wpforms-field wpforms-field-checkbox wpforms-list-2-columns\" data-field-id=\"39\"><fieldset><legend class=\"wpforms-field-label\">5. Quel style esth\u00e9tique pr\u00e9f\u00e8res-tu ? (choix multiple) <span class=\"wpforms-required-label\" aria-hidden=\"true\">*<\/span><\/legend><ul id=\"wpforms-1832-field_39\" class=\"wpforms-field-required\"><li class=\"choice-1 depth-1\"><input type=\"checkbox\" id=\"wpforms-1832-field_39_1\" name=\"wpforms[fields][39][]\" value=\"Classique (vitre lat\u00e9rale simple)\" aria-errormessage=\"wpforms-1832-field_39_1-error\" required ><label class=\"wpforms-field-label-inline\" for=\"wpforms-1832-field_39_1\">Classique (vitre lat\u00e9rale simple)<\/label><\/li><li class=\"choice-2 depth-1\"><input type=\"checkbox\" id=\"wpforms-1832-field_39_2\" name=\"wpforms[fields][39][]\" value=\"Aquarium (double vitre, composants bien visibles)\" aria-errormessage=\"wpforms-1832-field_39_2-error\" required ><label class=\"wpforms-field-label-inline\" for=\"wpforms-1832-field_39_2\">Aquarium (double vitre, composants bien visibles)<\/label><\/li><li class=\"choice-3 depth-1\"><input type=\"checkbox\" id=\"wpforms-1832-field_39_3\" name=\"wpforms[fields][39][]\" value=\"Compact \/ Mini PC\" aria-errormessage=\"wpforms-1832-field_39_3-error\" required ><label class=\"wpforms-field-label-inline\" for=\"wpforms-1832-field_39_3\">Compact \/ Mini PC<\/label><\/li><li class=\"choice-4 depth-1\"><input type=\"checkbox\" id=\"wpforms-1832-field_39_4\" name=\"wpforms[fields][39][]\" value=\"Je te laisse choisir le bo\u00eetier le plus adapt\u00e9\" aria-errormessage=\"wpforms-1832-field_39_4-error\" required ><label class=\"wpforms-field-label-inline\" for=\"wpforms-1832-field_39_4\">Je te laisse choisir le bo\u00eetier le plus adapt\u00e9<\/label><\/li><\/ul><\/fieldset><\/div><div id=\"wpforms-1832-field_41-container\" class=\"wpforms-field wpforms-field-radio wpforms-list-2-columns\" data-field-id=\"41\"><fieldset><legend class=\"wpforms-field-label\">6. Visuellement, ton PC doit-il avoir :<\/legend><ul id=\"wpforms-1832-field_41\"><li class=\"choice-1 depth-1\"><input type=\"radio\" id=\"wpforms-1832-field_41_1\" name=\"wpforms[fields][41]\" value=\"Du RGB\" aria-errormessage=\"wpforms-1832-field_41_1-error\" aria-describedby=\"wpforms-1832-field_41-description\"  ><label class=\"wpforms-field-label-inline\" for=\"wpforms-1832-field_41_1\">Du RGB<\/label><\/li><li class=\"choice-2 depth-1\"><input type=\"radio\" id=\"wpforms-1832-field_41_2\" name=\"wpforms[fields][41]\" value=\"Pas de RGB\" aria-errormessage=\"wpforms-1832-field_41_2-error\" aria-describedby=\"wpforms-1832-field_41-description\"  ><label class=\"wpforms-field-label-inline\" for=\"wpforms-1832-field_41_2\">Pas de RGB<\/label><\/li><li class=\"choice-6 depth-1 wpforms-other-choice\"><input type=\"radio\" id=\"wpforms-1832-field_41_6\" data-other-choice=\"true\" name=\"wpforms[fields][41]\" value=\"Autre (merci de pr\u00e9ciser)\" aria-errormessage=\"wpforms-1832-field_41_6-error\" aria-describedby=\"wpforms-1832-field_41-description\"  ><label class=\"wpforms-field-label-inline\" for=\"wpforms-1832-field_41_6\">Autre (merci de pr\u00e9ciser)<\/label><\/li><\/ul><input type=\"text\" id=\"wpforms-1832-field_41_other\" class=\"wpforms-other-input wpforms-field-required wpforms-field-medium wpforms-hidden\" name=\"wpforms[fields][41][other]\" disabled=\"disabled\" required><div id=\"wpforms-1832-field_41-description\" class=\"wpforms-field-description\">Pour \"Autre\" merci de pr\u00e9ciser tes attentes visuels<\/div><\/fieldset><\/div><div id=\"wpforms-1832-field_42-container\" class=\"wpforms-field wpforms-field-radio wpforms-list-2-columns\" data-field-id=\"42\"><fieldset><legend class=\"wpforms-field-label\">7. As-tu une pr\u00e9f\u00e9rence pour le refroidissement ?<\/legend><ul id=\"wpforms-1832-field_42\"><li class=\"choice-1 depth-1\"><input type=\"radio\" id=\"wpforms-1832-field_42_1\" name=\"wpforms[fields][42]\" value=\"Refroidissement classique (ventirad)\" aria-errormessage=\"wpforms-1832-field_42_1-error\" aria-describedby=\"wpforms-1832-field_42-description\"  ><label class=\"wpforms-field-label-inline\" for=\"wpforms-1832-field_42_1\">Refroidissement classique (ventirad)<\/label><\/li><li class=\"choice-2 depth-1\"><input type=\"radio\" id=\"wpforms-1832-field_42_2\" name=\"wpforms[fields][42]\" value=\"Refroidissement liquide (watercooling)\" aria-errormessage=\"wpforms-1832-field_42_2-error\" aria-describedby=\"wpforms-1832-field_42-description\"  ><label class=\"wpforms-field-label-inline\" for=\"wpforms-1832-field_42_2\">Refroidissement liquide (watercooling)<\/label><\/li><li class=\"choice-3 depth-1\"><input type=\"radio\" id=\"wpforms-1832-field_42_3\" name=\"wpforms[fields][42]\" value=\"Je te laisse choisir la solution la plus adapt\u00e9e\" aria-errormessage=\"wpforms-1832-field_42_3-error\" aria-describedby=\"wpforms-1832-field_42-description\"  ><label class=\"wpforms-field-label-inline\" for=\"wpforms-1832-field_42_3\">Je te laisse choisir la solution la plus adapt\u00e9e<\/label><\/li><li class=\"choice-4 depth-1 wpforms-other-choice\"><input type=\"radio\" id=\"wpforms-1832-field_42_4\" data-other-choice=\"true\" name=\"wpforms[fields][42]\" value=\"Autre (si tu as une attente particuli\u00e8re)\" aria-errormessage=\"wpforms-1832-field_42_4-error\" aria-describedby=\"wpforms-1832-field_42-description\"  ><label class=\"wpforms-field-label-inline\" for=\"wpforms-1832-field_42_4\">Autre (si tu as une attente particuli\u00e8re)<\/label><\/li><\/ul><input type=\"text\" id=\"wpforms-1832-field_42_other\" class=\"wpforms-other-input wpforms-field-required wpforms-field-medium wpforms-hidden\" name=\"wpforms[fields][42][other]\" disabled=\"disabled\" required><div id=\"wpforms-1832-field_42-description\" class=\"wpforms-field-description\">Pour \"Autre\" Si tu as une attente particuli\u00e8re ou une id\u00e9e pr\u00e9cise, n\u2019h\u00e9site pas \u00e0 d\u00e9tailler.<\/div><\/fieldset><\/div><div id=\"wpforms-1832-field_29-container\" class=\"wpforms-field wpforms-field-text\" data-field-id=\"29\"><label class=\"wpforms-field-label\" for=\"wpforms-1832-field_29\">8. As-tu des marques que tu pr\u00e9f\u00e8res ou que tu souhaites \u00e9viter ? <span class=\"wpforms-required-label\" aria-hidden=\"true\">*<\/span><\/label><input type=\"text\" id=\"wpforms-1832-field_29\" class=\"wpforms-field-medium wpforms-field-required\" name=\"wpforms[fields][29]\" aria-errormessage=\"wpforms-1832-field_29-error\" aria-describedby=\"wpforms-1832-field_29-description\" required><div id=\"wpforms-1832-field_29-description\" class=\"wpforms-field-description\">Ex. : ASUS, MSI \/ \u00e9viter Gigabyte ou aucune<\/div><\/div>\t\t<div id=\"wpforms-1832-field_1-container\"\n\t\t\tclass=\"wpforms-field wpforms-field-text\"\n\t\t\tdata-field-type=\"text\"\n\t\t\tdata-field-id=\"1\"\n\t\t\t>\n\t\t\t<label class=\"wpforms-field-label\" for=\"wpforms-1832-field_1\" >? 3. doit-il<\/label>\n\t\t\t<input type=\"text\" id=\"wpforms-1832-field_1\" class=\"wpforms-field-medium\" name=\"wpforms[fields][1]\" >\n\t\t<\/div>\n\t\t<div id=\"wpforms-1832-field_30-container\" class=\"wpforms-field wpforms-field-radio wpforms-list-inline\" data-field-id=\"30\"><fieldset><legend class=\"wpforms-field-label\">9. Quelle formule te convient le mieux ? (choix unique) <span class=\"wpforms-required-label\" aria-hidden=\"true\">*<\/span><\/legend><ul id=\"wpforms-1832-field_30\" class=\"wpforms-field-required\"><li class=\"choice-1 depth-1\"><input type=\"radio\" id=\"wpforms-1832-field_30_1\" name=\"wpforms[fields][30]\" value=\"Proposition de configuration sur mesure \u2013 GRATUITE \ud83d\udc49 Je re\u00e7ois par email une configuration personnalis\u00e9e, adapt\u00e9e \u00e0 mon budget et \u00e0 mes besoins.\" aria-errormessage=\"wpforms-1832-field_30_1-error\" required ><label class=\"wpforms-field-label-inline\" for=\"wpforms-1832-field_30_1\">Proposition de configuration sur mesure \u2013 GRATUITE \ud83d\udc49 Je re\u00e7ois par email une configuration personnalis\u00e9e, adapt\u00e9e \u00e0 mon budget et \u00e0 mes besoins.<\/label><\/li><li class=\"choice-2 depth-1\"><input type=\"radio\" id=\"wpforms-1832-field_30_2\" name=\"wpforms[fields][30]\" value=\"Montage complet du PC \u2013 159 \u20ac TTC \ud83d\udc49 PC mont\u00e9, configur\u00e9 et test\u00e9 par vos soins, pr\u00eat \u00e0 l\u2019emploi \u00e0 la r\u00e9ception. (forfait global : montage + installation + tests + exp\u00e9dition)\" aria-errormessage=\"wpforms-1832-field_30_2-error\" required ><label class=\"wpforms-field-label-inline\" for=\"wpforms-1832-field_30_2\">Montage complet du PC \u2013 159 \u20ac TTC \ud83d\udc49 PC mont\u00e9, configur\u00e9 et test\u00e9 par vos soins, pr\u00eat \u00e0 l\u2019emploi \u00e0 la r\u00e9ception. (forfait global : montage + installation + tests + exp\u00e9dition)<\/label><\/li><\/ul><\/fieldset><\/div><div id=\"wpforms-1832-field_34-container\" class=\"wpforms-field wpforms-field-text\" data-field-id=\"34\"><label class=\"wpforms-field-label\" for=\"wpforms-1832-field_34\">10. Remarques ou besoins sp\u00e9cifiques : <span class=\"wpforms-required-label\" aria-hidden=\"true\">*<\/span><\/label><input type=\"text\" id=\"wpforms-1832-field_34\" class=\"wpforms-field-medium wpforms-field-required\" name=\"wpforms[fields][34]\" aria-errormessage=\"wpforms-1832-field_34-error\" aria-describedby=\"wpforms-1832-field_34-description\" required><div id=\"wpforms-1832-field_34-description\" class=\"wpforms-field-description\">\ud83d\udca1 Plus tu seras pr\u00e9cis, plus notre proposition sera personnalis\u00e9e.<\/div><\/div><div id=\"wpforms-1832-field_2-container\" class=\"wpforms-field wpforms-field-name\" data-field-id=\"2\"><fieldset><legend class=\"wpforms-field-label\">Nom <span class=\"wpforms-required-label\" aria-hidden=\"true\">*<\/span><\/legend><div class=\"wpforms-field-row wpforms-field-medium\"><div class=\"wpforms-field-row-block wpforms-first wpforms-one-half\"><input type=\"text\" id=\"wpforms-1832-field_2\" class=\"wpforms-field-name-first wpforms-field-required\" name=\"wpforms[fields][2][first]\" aria-errormessage=\"wpforms-1832-field_2-error\" required><label for=\"wpforms-1832-field_2\" class=\"wpforms-field-sublabel after\">Pr\u00e9nom<\/label><\/div><div class=\"wpforms-field-row-block wpforms-one-half\"><input type=\"text\" id=\"wpforms-1832-field_2-last\" class=\"wpforms-field-name-last wpforms-field-required\" name=\"wpforms[fields][2][last]\" aria-errormessage=\"wpforms-1832-field_2-last-error\" required><label for=\"wpforms-1832-field_2-last\" class=\"wpforms-field-sublabel after\">Nom<\/label><\/div><\/div><\/fieldset><\/div><div id=\"wpforms-1832-field_35-container\" class=\"wpforms-field wpforms-field-text\" data-field-id=\"35\"><label class=\"wpforms-field-label\" for=\"wpforms-1832-field_35\">Adresse postale<\/label><input type=\"text\" id=\"wpforms-1832-field_35\" class=\"wpforms-field-medium\" name=\"wpforms[fields][35]\" aria-errormessage=\"wpforms-1832-field_35-error\" aria-describedby=\"wpforms-1832-field_35-description\" ><div id=\"wpforms-1832-field_35-description\" class=\"wpforms-field-description\">si option montage choisie<\/div><\/div><div id=\"wpforms-1832-field_46-container\" class=\"wpforms-field wpforms-field-text\" data-field-id=\"46\"><label class=\"wpforms-field-label\" for=\"wpforms-1832-field_46\">Num\u00e9ro de t\u00e9l\u00e9phone<\/label><input type=\"text\" id=\"wpforms-1832-field_46\" class=\"wpforms-field-medium\" name=\"wpforms[fields][46]\" aria-errormessage=\"wpforms-1832-field_46-error\" aria-describedby=\"wpforms-1832-field_46-description\" ><div id=\"wpforms-1832-field_46-description\" class=\"wpforms-field-description\">Ex. : 06 12 34 56 78  Utile pour \u00e9changer facilement si tu choisis le montage complet.<\/div><\/div><div id=\"wpforms-1832-field_4-container\" class=\"wpforms-field wpforms-field-email\" data-field-id=\"4\"><label class=\"wpforms-field-label\" for=\"wpforms-1832-field_4\">Email <span class=\"wpforms-required-label\" aria-hidden=\"true\">*<\/span><\/label><input type=\"email\" id=\"wpforms-1832-field_4\" class=\"wpforms-field-medium wpforms-field-required\" name=\"wpforms[fields][4]\" spellcheck=\"false\" aria-errormessage=\"wpforms-1832-field_4-error\" aria-describedby=\"wpforms-1832-field_4-description\" required><div id=\"wpforms-1832-field_4-description\" class=\"wpforms-field-description\">Merci de mettre une adresse valide<\/div><\/div><div id=\"wpforms-1832-field_23-container\" class=\"wpforms-field wpforms-field-checkbox\" data-field-id=\"23\"><fieldset><legend class=\"wpforms-field-label\">\u2705 11. Consentement RGPD <span class=\"wpforms-required-label\" aria-hidden=\"true\">*<\/span><\/legend><ul id=\"wpforms-1832-field_23\" class=\"wpforms-field-required\"><li class=\"choice-1 depth-1\"><input type=\"checkbox\" id=\"wpforms-1832-field_23_1\" name=\"wpforms[fields][23][]\" value=\"J\u2019autorise FAISMONPC \u00e0 utiliser ces informations pour me proposer une configuration personnalis\u00e9e.\" aria-errormessage=\"wpforms-1832-field_23_1-error\" required ><label class=\"wpforms-field-label-inline\" for=\"wpforms-1832-field_23_1\">J\u2019autorise FAISMONPC \u00e0 utiliser ces informations pour me proposer une configuration personnalis\u00e9e.<\/label><\/li><\/ul><\/fieldset><\/div><script>\n\t\t\t\t( function() {\n\t\t\t\t\tconst style = document.createElement( 'style' );\n\t\t\t\t\tstyle.appendChild( document.createTextNode( '#wpforms-1832-field_1-container { position: absolute !important; overflow: hidden !important; display: inline !important; height: 1px !important; width: 1px !important; z-index: -1000 !important; padding: 0 !important; } #wpforms-1832-field_1-container input { visibility: hidden; } #wpforms-conversational-form-page #wpforms-1832-field_1-container label { counter-increment: none; }' ) );\n\t\t\t\t\tdocument.head.appendChild( style );\n\t\t\t\t\tdocument.currentScript?.remove();\n\t\t\t\t} )();\n\t\t\t<\/script><\/div><!-- .wpforms-field-container --><div class=\"wpforms-submit-container\" ><input type=\"hidden\" name=\"wpforms[id]\" value=\"1832\"><input type=\"hidden\" name=\"page_title\" value=\"\"><input type=\"hidden\" name=\"page_url\" value=\"https:\/\/faismonpc.fr\/accueil\/wp-json\/wp\/v2\/pages\/1830\"><input type=\"hidden\" name=\"url_referer\" value=\"\"><button type=\"submit\" name=\"wpforms[submit]\" id=\"wpforms-submit-1832\" class=\"wpforms-submit\" data-alt-text=\"Sending...\" data-submit-text=\"ENVOYER\" aria-live=\"assertive\" value=\"wpforms-submit\">ENVOYER<\/button><img loading=\"lazy\" decoding=\"async\" src=\"https:\/\/faismonpc.fr\/wp-content\/plugins\/wpforms-lite\/assets\/images\/submit-spin.svg\" class=\"wpforms-submit-spinner\" style=\"display: none;\" width=\"26\" height=\"26\" alt=\"Chargement en cours\"><\/div><\/form><\/div>  <!-- .wpforms-container -->\n\t\t\t\t<\/div>\n\t\t\t<\/div>\n","protected":false},"author":1,"featured_media":0,"parent":0,"menu_order":0,"comment_status":"closed","ping_status":"closed","template":"","meta":{"_et_pb_use_builder":"on","_et_pb_old_content":"","_et_gb_content_width":"","footnotes":""},"class_list":["post-1830","page","type-page","status-publish","hentry"],"_links":{"self":[{"href":"https:\/\/faismonpc.fr\/accueil\/wp-json\/wp\/v2\/pages\/1830","targetHints":{"allow":["GET"]}}],"collection":[{"href":"https:\/\/faismonpc.fr\/accueil\/wp-json\/wp\/v2\/pages"}],"about":[{"href":"https:\/\/faismonpc.fr\/accueil\/wp-json\/wp\/v2\/types\/page"}],"author":[{"embeddable":true,"href":"https:\/\/faismonpc.fr\/accueil\/wp-json\/wp\/v2\/users\/1"}],"replies":[{"embeddable":true,"href":"https:\/\/faismonpc.fr\/accueil\/wp-json\/wp\/v2\/comments?post=1830"}],"version-history":[{"count":10,"href":"https:\/\/faismonpc.fr\/accueil\/wp-json\/wp\/v2\/pages\/1830\/revisions"}],"predecessor-version":[{"id":2789,"href":"https:\/\/faismonpc.fr\/accueil\/wp-json\/wp\/v2\/pages\/1830\/revisions\/2789"}],"wp:attachment":[{"href":"https:\/\/faismonpc.fr\/accueil\/wp-json\/wp\/v2\/media?parent=1830"}],"curies":[{"name":"wp","href":"https:\/\/api.w.org\/{rel}","templated":true}]}}