{"id":1816,"date":"2025-10-07T16:35:29","date_gmt":"2025-10-07T16:35:29","guid":{"rendered":"https:\/\/faismonpc.fr\/accueil\/?page_id=1816"},"modified":"2026-03-24T14:24:13","modified_gmt":"2026-03-24T14:24:13","slug":"proposition-dachat","status":"publish","type":"page","link":"https:\/\/faismonpc.fr\/accueil\/proposition-dachat\/","title":{"rendered":"Proposition d&rsquo;achat PC sur mesure"},"content":{"rendered":"<p>[et_pb_section fb_built=\u00a0\u00bb1&Prime; module_id=\u00a0\u00bbaccueil\u00a0\u00bb _builder_version=\u00a0\u00bb4.27.5&Prime; _module_preset=\u00a0\u00bbdefault\u00a0\u00bb use_background_color_gradient=\u00a0\u00bbon\u00a0\u00bb background_color_gradient_stops=\u00a0\u00bbrgba(10,10,10,0.5) 0%|rgba(0,0,0,0.6) 100%\u00a0\u00bb background_color_gradient_overlays_image=\u00a0\u00bbon\u00a0\u00bb background_image=\u00a0\u00bbhttps:\/\/faismonpc.fr\/wp-content\/uploads\/2024\/11\/ktc-hero-blog-personal-storage-photo-video-editing-gaming-pc-hero-lg.jpg\u00a0\u00bb background_blend=\u00a0\u00bbmultiply\u00a0\u00bb custom_padding=\u00a0\u00bb3vw||3vw||true|false\u00a0\u00bb border_width_bottom=\u00a0\u00bb2px\u00a0\u00bb border_color_bottom=\u00a0\u00bb#0fc9fc\u00a0\u00bb global_colors_info=\u00a0\u00bb{}\u00a0\u00bb][et_pb_row _builder_version=\u00a0\u00bb4.27.5&Prime; _module_preset=\u00a0\u00bbdefault\u00a0\u00bb global_colors_info=\u00a0\u00bb{}\u00a0\u00bb][et_pb_column type=\u00a0\u00bb4_4&Prime; _builder_version=\u00a0\u00bb4.27.5&Prime; _module_preset=\u00a0\u00bbdefault\u00a0\u00bb global_colors_info=\u00a0\u00bb{}\u00a0\u00bb][et_pb_heading title=\u00a0\u00bbproposition d&rsquo;achat\u00a0\u00bb _builder_version=\u00a0\u00bb4.27.5&Prime; _module_preset=\u00a0\u00bb2d4b6216-cbb9-4a2b-9a22-d612b9ac73b1&Prime; title_font=\u00a0\u00bbBitter|||on|||||\u00a0\u00bb title_text_align=\u00a0\u00bbcenter\u00a0\u00bb title_text_color=\u00a0\u00bb#FFFFFF\u00a0\u00bb title_font_size=\u00a0\u00bb90px\u00a0\u00bb title_font_size_tablet=\u00a0\u00bb55px\u00a0\u00bb title_font_size_phone=\u00a0\u00bb29px\u00a0\u00bb title_font_size_last_edited=\u00a0\u00bbon|phone\u00a0\u00bb global_colors_info=\u00a0\u00bb{}\u00a0\u00bb][\/et_pb_heading][\/et_pb_column][\/et_pb_row][\/et_pb_section][et_pb_section fb_built=\u00a0\u00bb1&Prime; _builder_version=\u00a0\u00bb4.27.5&Prime; _module_preset=\u00a0\u00bbdefault\u00a0\u00bb background_color=\u00a0\u00bb#FFFFFF\u00a0\u00bb use_background_color_gradient=\u00a0\u00bbon\u00a0\u00bb background_color_gradient_direction=\u00a0\u00bb216deg\u00a0\u00bb background_color_gradient_stops=\u00a0\u00bb#d1d1d1 28%|#ffffff 57%\u00a0\u00bb global_colors_info=\u00a0\u00bb{}\u00a0\u00bb][et_pb_row _builder_version=\u00a0\u00bb4.27.4&Prime; _module_preset=\u00a0\u00bbdefault\u00a0\u00bb animation_style=\u00a0\u00bbzoom\u00a0\u00bb animation_direction=\u00a0\u00bbbottom\u00a0\u00bb global_colors_info=\u00a0\u00bb{}\u00a0\u00bb][et_pb_column type=\u00a0\u00bb4_4&Prime; _builder_version=\u00a0\u00bb4.27.4&Prime; _module_preset=\u00a0\u00bbdefault\u00a0\u00bb global_colors_info=\u00a0\u00bb{}\u00a0\u00bb][et_pb_text _builder_version=\u00a0\u00bb4.27.5&Prime; _module_preset=\u00a0\u00bbdefault\u00a0\u00bb text_font=\u00a0\u00bbBitter|600|||||||\u00a0\u00bb text_text_color=\u00a0\u00bb#5b5b5b\u00a0\u00bb text_font_size=\u00a0\u00bb20px\u00a0\u00bb header_font=\u00a0\u00bbBitter|600||on|||||\u00a0\u00bb header_text_color=\u00a0\u00bb#FFFFFF\u00a0\u00bb header_3_font=\u00a0\u00bbBitter|||on|||||\u00a0\u00bb header_3_font_size=\u00a0\u00bb27px\u00a0\u00bb text_orientation=\u00a0\u00bbcenter\u00a0\u00bb background_layout=\u00a0\u00bbdark\u00a0\u00bb border_color_all=\u00a0\u00bb#FFFFFF\u00a0\u00bb global_colors_info=\u00a0\u00bb{}\u00a0\u00bb]<\/p>\n<h3 data-start=\"1465\" data-end=\"1544\" style=\"text-align: center;\"><span style=\"color: #4a90e2;\">Proposition<strong data-start=\"1465\" data-end=\"1544\"> d\u2019achat PC sur mesure \u2013 Simple, transparent, 100 % personnalis\u00e9<\/strong><\/span><\/h3>\n<p data-start=\"531\" data-end=\"836\">Chez <strong data-start=\"536\" data-end=\"549\">FaisMonPC<\/strong>, nous ne vendons pas simplement des ordinateurs. Nous concevons <strong data-start=\"614\" data-end=\"657\">des configurations 100 % personnalis\u00e9es<\/strong>, pens\u00e9es pour vos usages, vos besoins et votre budget. Que vous soyez gamer, streamer ou cr\u00e9ateur de contenu, notre objectif est de vous proposer <strong data-start=\"804\" data-end=\"819\">le PC id\u00e9al<\/strong>, sans compromis.<\/p>\n<p>[\/et_pb_text][\/et_pb_column][\/et_pb_row][et_pb_row column_structure=\u00a0\u00bb1_2,1_2&Prime; _builder_version=\u00a0\u00bb4.27.4&Prime; _module_preset=\u00a0\u00bbdefault\u00a0\u00bb animation_style=\u00a0\u00bbzoom\u00a0\u00bb animation_direction=\u00a0\u00bbbottom\u00a0\u00bb global_colors_info=\u00a0\u00bb{}\u00a0\u00bb][et_pb_column type=\u00a0\u00bb1_2&Prime; _builder_version=\u00a0\u00bb4.27.4&Prime; _module_preset=\u00a0\u00bbdefault\u00a0\u00bb global_colors_info=\u00a0\u00bb{}\u00a0\u00bb][et_pb_text _builder_version=\u00a0\u00bb4.27.6&Prime; _module_preset=\u00a0\u00bbdefault\u00a0\u00bb text_font=\u00a0\u00bbBitter|500|||||||\u00a0\u00bb text_text_color=\u00a0\u00bb#5b5b5b\u00a0\u00bb text_font_size=\u00a0\u00bb15px\u00a0\u00bb hover_enabled=\u00a0\u00bb0&Prime; global_colors_info=\u00a0\u00bb{}\u00a0\u00bb sticky_enabled=\u00a0\u00bb0&Prime;]<\/p>\n<h3 data-start=\"843\" data-end=\"909\" style=\"text-align: center;\">\ud83d\udca1<span style=\"color: #4a90e2;\"> 1. Proposition de configuration sur mesure \u2014 <\/span><\/h3>\n<h3 data-start=\"843\" data-end=\"909\" style=\"text-align: center;\"><span style=\"color: #4a90e2;\"><strong data-start=\"895\" data-end=\"909\"><br \/>\n<\/strong><\/span><\/h3>\n<p data-start=\"911\" data-end=\"1062\">Nous \u00e9tudions vos besoins et cr\u00e9ons une <strong data-start=\"951\" data-end=\"1000\">configuration compl\u00e8te adapt\u00e9e \u00e0 votre profil<\/strong>.<br data-start=\"1001\" data-end=\"1004\" \/>Ce service est <strong data-start=\"1019\" data-end=\"1042\">enti\u00e8rement gratuit<\/strong> et sans engagement.<\/p>\n<p data-start=\"1064\" data-end=\"1091\"><strong data-start=\"1064\" data-end=\"1089\">Ce que vous recevez :<\/strong><\/p>\n<ul data-start=\"1092\" data-end=\"1387\">\n<li data-start=\"1092\" data-end=\"1162\">\n<p data-start=\"1094\" data-end=\"1162\">\ud83e\udde0 <strong data-start=\"1097\" data-end=\"1120\">\u00c9tude personnalis\u00e9e<\/strong> de votre utilisation et de vos attentes<\/p>\n<\/li>\n<li data-start=\"1163\" data-end=\"1245\">\n<p data-start=\"1165\" data-end=\"1245\">\ud83d\udd0d <strong data-start=\"1168\" data-end=\"1206\">S\u00e9lection des meilleurs composants<\/strong> au meilleur rapport performance\/prix<\/p>\n<\/li>\n<li data-start=\"1246\" data-end=\"1330\">\n<p data-start=\"1248\" data-end=\"1330\">\ud83d\udca1 <strong data-start=\"1251\" data-end=\"1275\">Conseils d\u2019\u00e9volution<\/strong> pour votre machine (mise \u00e0 jour future, \u00e9volutivit\u00e9)<\/p>\n<\/li>\n<li data-start=\"1331\" data-end=\"1387\">\n<p data-start=\"1333\" data-end=\"1387\">\ud83d\udcca Proposition d\u00e9taill\u00e9e de votre future configuration<\/p>\n<\/li>\n<\/ul>\n<p data-start=\"1389\" data-end=\"1549\">\ud83d\udc49 Cette premi\u00e8re \u00e9tape vous permet de savoir exactement <strong data-start=\"1446\" data-end=\"1488\">quel PC correspond \u00e0 vos besoins r\u00e9els<\/strong>, sans perdre de temps \u00e0 comparer des dizaines de r\u00e9f\u00e9rences.<\/p>\n<p>[\/et_pb_text][\/et_pb_column][et_pb_column type=\u00a0\u00bb1_2&Prime; _builder_version=\u00a0\u00bb4.27.4&Prime; _module_preset=\u00a0\u00bbdefault\u00a0\u00bb global_colors_info=\u00a0\u00bb{}\u00a0\u00bb][et_pb_text _builder_version=\u00a0\u00bb4.27.6&Prime; _module_preset=\u00a0\u00bbdefault\u00a0\u00bb text_font=\u00a0\u00bbBitter|500|||||||\u00a0\u00bb text_text_color=\u00a0\u00bb#5b5b5b\u00a0\u00bb hover_enabled=\u00a0\u00bb0&Prime; global_colors_info=\u00a0\u00bb{}\u00a0\u00bb sticky_enabled=\u00a0\u00bb0&Prime;]<\/p>\n<h3 data-start=\"471\" data-end=\"556\" style=\"text-align: center;\">\u2699\ufe0f<span style=\"color: #4a90e2;\"> 2. Montage PC sur mesure \u2014 <strong data-start=\"505\" data-end=\"556\">Option compl\u00e8te <\/strong><\/span><\/h3>\n<h3 data-start=\"471\" data-end=\"556\" style=\"text-align: center;\"><span style=\"color: #4a90e2;\"><strong data-start=\"505\" data-end=\"556\">\ud83d\udd27 \u2013 170 \u20ac TTC (forfait global)<\/strong><\/span><\/h3>\n<p data-start=\"865\" data-end=\"898\"><strong data-start=\"865\" data-end=\"896\">Ce service premium inclut :<\/strong><\/p>\n<ul data-start=\"899\" data-end=\"1459\">\n<li data-start=\"899\" data-end=\"988\">\n<p data-start=\"901\" data-end=\"988\">\ud83e\uddf0 <strong data-start=\"904\" data-end=\"937\">Montage professionnel complet<\/strong> de votre machine avec un c\u00e2ble management soign\u00e9<\/p>\n<\/li>\n<li data-start=\"989\" data-end=\"1072\">\n<p data-start=\"991\" data-end=\"1072\">\ud83e\ude9b <strong data-start=\"994\" data-end=\"1017\">Mise \u00e0 jour du BIOS<\/strong> et activation des profils optimis\u00e9s pour votre usage<\/p>\n<\/li>\n<li data-start=\"1073\" data-end=\"1164\">\n<p data-start=\"1075\" data-end=\"1164\">\ud83c\udf2c\ufe0f <strong data-start=\"1079\" data-end=\"1115\">R\u00e9glage pr\u00e9cis de la ventilation<\/strong> pour un refroidissement silencieux et efficace<\/p>\n<\/li>\n<li data-start=\"1165\" data-end=\"1238\">\n<p data-start=\"1167\" data-end=\"1238\">\ud83e\ude9f <strong data-start=\"1170\" data-end=\"1200\">Installation de Windows 11<\/strong> (Famille ou Pro, selon vos besoins)<\/p>\n<\/li>\n<li data-start=\"1239\" data-end=\"1299\">\n<p data-start=\"1241\" data-end=\"1299\">\ud83d\udd0c <strong data-start=\"1244\" data-end=\"1297\">Installation et configuration de tous les pilotes<\/strong><\/p>\n<\/li>\n<li data-start=\"1300\" data-end=\"1386\">\n<p data-start=\"1302\" data-end=\"1386\">\u2705 <strong data-start=\"1304\" data-end=\"1334\">Batterie compl\u00e8te de tests<\/strong> de stabilit\u00e9 et de performance (UsersDiag \/ OCCT)<\/p>\n<\/li>\n<li data-start=\"1387\" data-end=\"1459\">\n<p data-start=\"1389\" data-end=\"1459\">\ud83d\udce6 <strong data-start=\"1392\" data-end=\"1431\">Pr\u00e9paration et exp\u00e9dition s\u00e9curis\u00e9e<\/strong> de votre PC pr\u00eat \u00e0 l\u2019emploi<\/p>\n<\/li>\n<\/ul>\n<p data-start=\"1461\" data-end=\"1616\">\u00a0 \u00a0 \ud83d\udcb8 <strong data-start=\"1464\" data-end=\"1497\">Tarif forfaitaire : 170 \u20ac TTC<\/strong><br data-start=\"1497\" data-end=\"1500\" \/>\u00a0 \u00a0 \u00a0 Ce tarif global comprend <strong data-start=\"1525\" data-end=\"1603\">le montage complet, la configuration\u00a0 \u00a0 \u00a0 \u00a0 \u00a0 \u00a0 \u00a0 \u00a0 logicielle, les tests et l\u2019exp\u00e9dition<\/strong> de votre PC.<\/p>\n<p>[\/et_pb_text][\/et_pb_column][\/et_pb_row][et_pb_row _builder_version=\u00a0\u00bb4.27.4&Prime; _module_preset=\u00a0\u00bbdefault\u00a0\u00bb animation_style=\u00a0\u00bbzoom\u00a0\u00bb animation_direction=\u00a0\u00bbbottom\u00a0\u00bb global_colors_info=\u00a0\u00bb{}\u00a0\u00bb][et_pb_column type=\u00a0\u00bb4_4&Prime; _builder_version=\u00a0\u00bb4.27.4&Prime; _module_preset=\u00a0\u00bbdefault\u00a0\u00bb global_colors_info=\u00a0\u00bb{}\u00a0\u00bb][et_pb_text _builder_version=\u00a0\u00bb4.27.5&Prime; _module_preset=\u00a0\u00bbdefault\u00a0\u00bb text_font=\u00a0\u00bbBitter|600|||||||\u00a0\u00bb text_text_color=\u00a0\u00bb#5b5b5b\u00a0\u00bb text_font_size=\u00a0\u00bb20px\u00a0\u00bb header_font=\u00a0\u00bbBitter|||on|||||\u00a0\u00bb header_text_color=\u00a0\u00bb#EDF000&Prime; global_colors_info=\u00a0\u00bb{}\u00a0\u00bb]<\/p>\n<h1 data-start=\"1874\" data-end=\"1915\" style=\"text-align: center;\"><span style=\"color: #edf000;\">\u2699\ufe0f <span style=\"color: #4a90e2;\">Pourquoi choisir ce type d\u2019achat ?<\/span><\/span><\/h1>\n<p>&nbsp;<\/p>\n<ul data-start=\"1916\" data-end=\"2429\">\n<li data-start=\"1916\" data-end=\"2012\">\n<p data-start=\"1918\" data-end=\"2012\">\u2705 <strong data-start=\"1920\" data-end=\"1948\">Prix juste &amp; transparent<\/strong> \u2013 Tu ach\u00e8tes les composants directement, sans marges.<\/p>\n<\/li>\n<li data-start=\"2013\" data-end=\"2135\">\n<p data-start=\"2015\" data-end=\"2135\">\ud83e\uddf0 <strong data-start=\"2018\" data-end=\"2049\">Configuration personnalis\u00e9e<\/strong> \u2013 On s\u00e9lectionne ensemble les meilleurs composants selon ton budget et tes besoins.<\/p>\n<\/li>\n<li data-start=\"2136\" data-end=\"2218\">\n<p data-start=\"2138\" data-end=\"2218\">\ud83d\udce6 <strong data-start=\"2141\" data-end=\"2159\">Contr\u00f4le total<\/strong> \u2013 Tu sais exactement ce que tu ach\u00e8tes et d\u2019o\u00f9 \u00e7a vient.<\/p>\n<\/li>\n<li data-start=\"2136\" data-end=\"2218\">\ud83d\udd27 <strong data-start=\"2224\" data-end=\"2249\">Montage professionnel<\/strong> \u2013 Une fois les composants re\u00e7us, on assemble ton PC avec soin dans notre atelier.<\/li>\n<li data-start=\"2219\" data-end=\"2333\">\ud83d\ude80 <strong data-start=\"2339\" data-end=\"2363\">Performance garantie<\/strong> \u2013 Ton PC est test\u00e9, optimis\u00e9 et pr\u00eat \u00e0 l\u2019emploi d\u00e8s la livraison.<\/li>\n<\/ul>\n<p>[\/et_pb_text][\/et_pb_column][\/et_pb_row][et_pb_row _builder_version=\u00a0\u00bb4.27.4&Prime; _module_preset=\u00a0\u00bbdefault\u00a0\u00bb animation_style=\u00a0\u00bbzoom\u00a0\u00bb animation_direction=\u00a0\u00bbbottom\u00a0\u00bb global_colors_info=\u00a0\u00bb{}\u00a0\u00bb][et_pb_column type=\u00a0\u00bb4_4&Prime; _builder_version=\u00a0\u00bb4.27.4&Prime; _module_preset=\u00a0\u00bbdefault\u00a0\u00bb global_colors_info=\u00a0\u00bb{}\u00a0\u00bb][et_pb_text _builder_version=\u00a0\u00bb4.27.5&Prime; _module_preset=\u00a0\u00bbdefault\u00a0\u00bb text_font=\u00a0\u00bbBitter|600|||||||\u00a0\u00bb text_text_color=\u00a0\u00bb#5b5b5b\u00a0\u00bb text_font_size=\u00a0\u00bb20px\u00a0\u00bb header_font=\u00a0\u00bbBitter|600||on|||||\u00a0\u00bb header_text_align=\u00a0\u00bbleft\u00a0\u00bb header_text_color=\u00a0\u00bb#FFFFFF\u00a0\u00bb header_text_align_tablet=\u00a0\u00bbleft\u00a0\u00bb header_text_align_phone=\u00a0\u00bbleft\u00a0\u00bb header_text_align_last_edited=\u00a0\u00bbon|desktop\u00a0\u00bb global_colors_info=\u00a0\u00bb{}\u00a0\u00bb]<\/p>\n<h1 style=\"text-align: center;\">\ud83d\udce6<span style=\"color: #4a90e2; font-size: x-large;\"> Comment \u00e7a marche ? (Processus simple en 4 \u00e9tapes)<\/span><\/h1>\n<h1 data-start=\"2497\" data-end=\"2551\" style=\"text-align: left;\"><\/h1>\n<h1 data-start=\"2497\" data-end=\"2551\" style=\"text-align: left;\"><\/h1>\n<h1 data-start=\"2497\" data-end=\"2551\" style=\"text-align: left;\"><\/h1>\n<p data-start=\"2497\" data-end=\"2551\" style=\"text-align: left;\">1.\ud83d\udcdd <strong data-start=\"2500\" data-end=\"2525\">Remplis le formulaire<\/strong> de proposition d\u2019achat.<\/p>\n<p data-start=\"2555\" data-end=\"2624\">2.\ud83d\udca1 <strong data-start=\"2558\" data-end=\"2580\">Nous s\u00e9lectionnons<\/strong> les composants id\u00e9aux selon tes r\u00e9ponses.<\/p>\n<p>3.\ud83d\uded2 <strong data-start=\"2631\" data-end=\"2653\">Tu passes commande<\/strong> des pi\u00e8ces chez les fournisseurs (ou on t\u2019aide \u00e0 le faire).<\/p>\n<p>4.\ud83d\ude9a <strong data-start=\"2722\" data-end=\"2756\">Tu nous envoies les composants<\/strong>, et on monte ton PC dans notre atelier.<\/p>\n<p>[\/et_pb_text][\/et_pb_column][\/et_pb_row][et_pb_row _builder_version=\u00a0\u00bb4.27.4&Prime; _module_preset=\u00a0\u00bbdefault\u00a0\u00bb animation_style=\u00a0\u00bbzoom\u00a0\u00bb global_colors_info=\u00a0\u00bb{}\u00a0\u00bb][et_pb_column type=\u00a0\u00bb4_4&Prime; _builder_version=\u00a0\u00bb4.27.4&Prime; _module_preset=\u00a0\u00bbdefault\u00a0\u00bb global_colors_info=\u00a0\u00bb{}\u00a0\u00bb][et_pb_text _builder_version=\u00a0\u00bb4.27.5&Prime; _module_preset=\u00a0\u00bbdefault\u00a0\u00bb text_font=\u00a0\u00bbBitter|||on|||||\u00a0\u00bb text_text_color=\u00a0\u00bb#EDF000&Prime; text_orientation=\u00a0\u00bbcenter\u00a0\u00bb global_colors_info=\u00a0\u00bb{}\u00a0\u00bb]<\/p>\n<h1 style=\"text-align: center;\"><span style=\"color: #0fc9fc;\"><img loading=\"lazy\" decoding=\"async\" src=\"https:\/\/faismonpc.fr\/wp-content\/themes\/Divi\/includes\/builder\/frontend-builder\/assets\/vendors\/plugins\/emoticons\/img\/smiley-cool.gif\" alt=\"cool\" width=\"30\" height=\"30\" \/> <span style=\"color: #4a90e2;\">Pr\u00eat \u00e0 cr\u00e9er le PC de tes r\u00eaves ?<\/span> <img loading=\"lazy\" decoding=\"async\" src=\"https:\/\/faismonpc.fr\/wp-content\/themes\/Divi\/includes\/builder\/frontend-builder\/assets\/vendors\/plugins\/emoticons\/img\/smiley-cool.gif\" alt=\"cool\" width=\"30\" height=\"30\" \/><\/span><\/h1>\n<p>[\/et_pb_text][\/et_pb_column][\/et_pb_row][et_pb_row _builder_version=\u00a0\u00bb4.27.4&Prime; _module_preset=\u00a0\u00bbdefault\u00a0\u00bb animation_style=\u00a0\u00bbbounce\u00a0\u00bb animation_direction=\u00a0\u00bbbottom\u00a0\u00bb animation_duration=\u00a0\u00bb1500ms\u00a0\u00bb global_colors_info=\u00a0\u00bb{}\u00a0\u00bb][et_pb_column type=\u00a0\u00bb4_4&Prime; _builder_version=\u00a0\u00bb4.27.4&Prime; _module_preset=\u00a0\u00bbdefault\u00a0\u00bb global_colors_info=\u00a0\u00bb{}\u00a0\u00bb][et_pb_button button_url=\u00a0\u00bbhttps:\/\/faismonpc.fr\/accueil\/formulaire-de-proposition-dachat\/\u00a0\u00bb button_text=\u00a0\u00bbje remplis mon formulaire de proposition d&rsquo;achat\u00a0\u00bb button_alignment=\u00a0\u00bbcenter\u00a0\u00bb _builder_version=\u00a0\u00bb4.27.5&Prime; _module_preset=\u00a0\u00bbdefault\u00a0\u00bb custom_button=\u00a0\u00bbon\u00a0\u00bb button_text_size=\u00a0\u00bb29px\u00a0\u00bb button_text_color=\u00a0\u00bb#4a90e2&Prime; button_bg_color=\u00a0\u00bbRGBA(255,255,255,0)\u00a0\u00bb button_border_width=\u00a0\u00bb2px\u00a0\u00bb button_border_color=\u00a0\u00bb#000000&Prime; button_border_radius=\u00a0\u00bb48px\u00a0\u00bb button_font=\u00a0\u00bbBitter|700||on|||||\u00a0\u00bb button_icon=\u00a0\u00bb&#xf573;||fa||900&Prime; button_icon_color=\u00a0\u00bb#000000&Prime; button_icon_placement=\u00a0\u00bbleft\u00a0\u00bb background_layout=\u00a0\u00bbdark\u00a0\u00bb global_colors_info=\u00a0\u00bb{}\u00a0\u00bb][\/et_pb_button][\/et_pb_column][\/et_pb_row][\/et_pb_section]<\/p>\n","protected":false},"excerpt":{"rendered":"<p>Proposition d\u2019achat PC sur mesure \u2013 Simple, transparent, 100 % personnalis\u00e9 Chez FaisMonPC, nous ne vendons pas simplement des ordinateurs. Nous concevons des configurations 100 % personnalis\u00e9es, pens\u00e9es pour vos usages, vos besoins et votre budget. Que vous soyez gamer, streamer ou cr\u00e9ateur de contenu, notre objectif est de vous proposer le PC id\u00e9al, sans [&hellip;]<\/p>\n","protected":false},"author":1,"featured_media":0,"parent":0,"menu_order":0,"comment_status":"closed","ping_status":"closed","template":"","meta":{"_et_pb_use_builder":"on","_et_pb_old_content":"","_et_gb_content_width":"","footnotes":""},"class_list":["post-1816","page","type-page","status-publish","hentry"],"_links":{"self":[{"href":"https:\/\/faismonpc.fr\/accueil\/wp-json\/wp\/v2\/pages\/1816","targetHints":{"allow":["GET"]}}],"collection":[{"href":"https:\/\/faismonpc.fr\/accueil\/wp-json\/wp\/v2\/pages"}],"about":[{"href":"https:\/\/faismonpc.fr\/accueil\/wp-json\/wp\/v2\/types\/page"}],"author":[{"embeddable":true,"href":"https:\/\/faismonpc.fr\/accueil\/wp-json\/wp\/v2\/users\/1"}],"replies":[{"embeddable":true,"href":"https:\/\/faismonpc.fr\/accueil\/wp-json\/wp\/v2\/comments?post=1816"}],"version-history":[{"count":18,"href":"https:\/\/faismonpc.fr\/accueil\/wp-json\/wp\/v2\/pages\/1816\/revisions"}],"predecessor-version":[{"id":2941,"href":"https:\/\/faismonpc.fr\/accueil\/wp-json\/wp\/v2\/pages\/1816\/revisions\/2941"}],"wp:attachment":[{"href":"https:\/\/faismonpc.fr\/accueil\/wp-json\/wp\/v2\/media?parent=1816"}],"curies":[{"name":"wp","href":"https:\/\/api.w.org\/{rel}","templated":true}]}}